{"id":1467,"date":"2022-02-21T11:46:23","date_gmt":"2022-02-21T11:46:23","guid":{"rendered":"https:\/\/vafris.is\/?page_id=1467"},"modified":"2022-02-21T11:57:40","modified_gmt":"2022-02-21T11:57:40","slug":"2022-stada-framtid-skolphreinsunar","status":"publish","type":"page","link":"https:\/\/vafris.is\/?page_id=1467","title":{"rendered":"Sta\u00f0a &#038; framt\u00ed\u00f0 sk\u00f3lphreinsunar 2022"},"content":{"rendered":"<p><strong>Fyrri hluti: Sta\u00f0a sk\u00f3lphreinsunar \u00e1 \u00cdslandi, 24.02.2022\u00a0 15-16:30<\/strong><\/p>\n<p>Sta\u00f0fundur:\u00a0 Fyrirlestrarsal Orkuveitu Reykjav\u00edkur, B\u00e6jarh\u00e1lsi<br \/>\nFjarfundur:\u00a0 F\u00e9lagar VAFR\u00cd hafa fengi\u00f0 bo\u00f0 me\u00f0 hlekk \u00e1 teams<\/p>\n<p><strong>DAGSKR\u00c1<\/strong><\/p>\n<p><strong><em>Fundarstj\u00f3ri, Baldur D\u00fdrfj\u00f6r\u00f0, opnar fundinn og kynnir VAFR\u00cd.<\/em><\/strong><\/p>\n<p><strong><em>15:05 Opnunarerindi \u2013 Hver er sta\u00f0an og hva\u00f0 er framundan? &#8211; Hl\u00f6\u00f0ver Stef\u00e1n \u00deorgeirsson, forma\u00f0ur Vatns- og fr\u00e1veituf\u00e9lagsins.<br \/>\n<\/em><\/strong><span style=\"font-weight: 300;\">Vatns- og fr\u00e1veituf\u00e9lagi\u00f0 er mikilv\u00e6gur vettvangur fyrir leika og l\u00e6r\u00f0a \u00ed fr\u00e1veitum\u00e1lum a\u00f0 koma saman og r\u00e6\u00f0a st\u00f6\u00f0u og \u00e1skoranir m\u00e1laflokksins. M\u00e1laflokkurinn \u00e1 \u00fea\u00f0 til a\u00f0 virka fl\u00f3kinn og \u00f3\u00e1rennilegur, s\u00e9rstaklega fyrir \u00feau sem ekki hafa helga\u00f0 sig honum \u00ed st\u00f6rfum s\u00ednum. Markmi\u00f0 erindisins er a\u00f0 undirbyggja frekari umr\u00e6\u00f0u \u00e1 fundinum me\u00f0 umfj\u00f6llun um \u00edslenska fr\u00e1veituregluverki\u00f0 og \u00f3l\u00edkar kr\u00f6fur til sk\u00f3lphreinsunar vi\u00f0 \u00f3l\u00edkar a\u00f0st\u00e6\u00f0ur h\u00e9r \u00e1 landi.<\/span><\/p>\n<p><strong><em>15:20 Sta\u00f0a fr\u00e1veitum\u00e1la \u00e1 \u00cdslandi &#8211; H\u00f3lmfr\u00ed\u00f0ur \u00deorsteinsd\u00f3ttir, Umhverfisstofnun<br \/>\n<\/em><\/strong><span style=\"font-weight: 300;\">Fjalla\u00f0 ver\u00f0ur um st\u00f6\u00f0u fr\u00e1veitum\u00e1la \u00e1 \u00cdslandi, verkefni og \u00e1skoranir til framt\u00ed\u00f0ar.<\/span><\/p>\n<p><strong><em>15:30 Fr\u00e1veitum\u00e1lin fr\u00e1 sj\u00f3narh\u00f3li r\u00e1\u00f0gjafans &#8211; Reynir S\u00e6varsson, EFLU.<br \/>\n<\/em><\/strong><span style=\"font-weight: 300;\">Fjalla\u00f0 ver\u00f0ur stuttlega um hvernig fr\u00e1veitum\u00e1lin ganga, hvernig styrkjakerfi\u00f0 hefur \u00e1hrif og hve langt \u00fea\u00f0 dugi til a\u00f0 kl\u00e1ra uppbyggingu fr\u00e1veitna a\u00f0 mati h\u00f6fundar. Einnig ver\u00f0ur fjalla\u00f0 um mikilv\u00e6gi \u00feess a\u00f0 f\u00e1 \u00e1 hreint hluti var\u00f0andi n\u00fdtingu fitu og seyru fr\u00e1 hreinsun eftir a\u00f0 bann vi\u00f0 ur\u00f0un tekur gildi.<\/span><span style=\"font-weight: 300;\">\u00a0<\/span><\/p>\n<p><strong><em>15:40 Implementation of the Urban Waste Water Treatment Directive (UWWTD) in Norway \u2013 Anna Sara Magnusson <\/em><\/strong><strong><em>Senior advisor, Section of <\/em><\/strong><strong><em>Marine management and Industries at Milj\u00f8direktoratet\u00a0 (in English)<br \/>\n<\/em><\/strong><span style=\"font-weight: 300;\">A brief history of the development of waste water treatment in Norway. Implementation of the North Sea Agreement in the 1990s followed by the implementation of the Urban Waste Water Treatment Directive in the 2000s. Experiences with primary, secondary and tertiary treatment in Norway, and the work towards full implementation of the directive.<\/span><\/p>\n<p><strong><em>16:00 Pallbor\u00f0sumr\u00e6\u00f0ur<br \/>\n<\/em><\/strong><strong><em>16:30 Fundarslit og kaffi<\/em><\/strong><\/p>\n<p><strong>Seinni hluti: Framt\u00ed\u00f0 sk\u00f3lphreinsunar \u00e1 \u00cdslandi, dags. kynnt s\u00ed\u00f0ar.\u00a0<\/strong><\/p>\n<p>&nbsp;<\/p>\n","protected":false},"excerpt":{"rendered":"<p>Fyrri hluti: Sta\u00f0a sk\u00f3lphreinsunar \u00e1 \u00cdslandi, 24.02.2022\u00a0 15-16:30 Sta\u00f0fundur:\u00a0 Fyrirlestrarsal Orkuveitu Reykjav\u00edkur, B\u00e6jarh\u00e1lsi Fjarfundur:\u00a0 F\u00e9lagar VAFR\u00cd hafa fengi\u00f0 bo\u00f0 me\u00f0 hlekk \u00e1 teams DAGSKR\u00c1 Fundarstj\u00f3ri, Baldur D\u00fdrfj\u00f6r\u00f0, opnar fundinn og kynnir VAFR\u00cd. 15:05 Opnunarerindi \u2013 Hver er sta\u00f0an og hva\u00f0 &hellip; <a href=\"https:\/\/vafris.is\/?page_id=1467\">Halda \u00e1fram a\u00f0 lesa <span class=\"meta-nav\">&rarr;<\/span><\/a><\/p>\n","protected":false},"author":2,"featured_media":0,"parent":0,"menu_order":0,"comment_status":"closed","ping_status":"open","template":"","meta":{"footnotes":""},"class_list":["post-1467","page","type-page","status-publish","hentry"],"_links":{"self":[{"href":"https:\/\/vafris.is\/index.php?rest_route=\/wp\/v2\/pages\/1467","targetHints":{"allow":["GET"]}}],"collection":[{"href":"https:\/\/vafris.is\/index.php?rest_route=\/wp\/v2\/pages"}],"about":[{"href":"https:\/\/vafris.is\/index.php?rest_route=\/wp\/v2\/types\/page"}],"author":[{"embeddable":true,"href":"https:\/\/vafris.is\/index.php?rest_route=\/wp\/v2\/users\/2"}],"replies":[{"embeddable":true,"href":"https:\/\/vafris.is\/index.php?rest_route=%2Fwp%2Fv2%2Fcomments&post=1467"}],"version-history":[{"count":5,"href":"https:\/\/vafris.is\/index.php?rest_route=\/wp\/v2\/pages\/1467\/revisions"}],"predecessor-version":[{"id":1470,"href":"https:\/\/vafris.is\/index.php?rest_route=\/wp\/v2\/pages\/1467\/revisions\/1470"}],"wp:attachment":[{"href":"https:\/\/vafris.is\/index.php?rest_route=%2Fwp%2Fv2%2Fmedia&parent=1467"}],"curies":[{"name":"wp","href":"https:\/\/api.w.org\/{rel}","templated":true}]}}