{"id":1641,"date":"2022-06-02T09:58:16","date_gmt":"2022-06-02T09:58:16","guid":{"rendered":"https:\/\/vafris.is\/?page_id=1641"},"modified":"2022-06-02T09:58:16","modified_gmt":"2022-06-02T09:58:16","slug":"gvendarbrunnar-2022","status":"publish","type":"page","link":"https:\/\/vafris.is\/?page_id=1641","title":{"rendered":"Gvendarbrunnar 2022"},"content":{"rendered":"<p>Stefnt er a\u00f0 v\u00edsindafer\u00f0 eh. fimmtudaginn 25. \u00e1g\u00fast um vatnst\u00f6kusv\u00e6\u00f0i \u00ed n\u00e1grenni h\u00f6fu\u00f0borgarinnar.\u00a0 Gvendarbrunnar ver\u00f0a heims\u00f3ttir og hl\u00fdtt \u00e1 fr\u00e6\u00f0sluerindi s\u00e9rfr\u00e6\u00f0inga OR samst\u00e6\u00f0unnar.\u00a0 N\u00e1nari dagskr\u00e1 tilkynnt s\u00ed\u00f0ar<\/p>\n","protected":false},"excerpt":{"rendered":"<p>Stefnt er a\u00f0 v\u00edsindafer\u00f0 eh. fimmtudaginn 25. \u00e1g\u00fast um vatnst\u00f6kusv\u00e6\u00f0i \u00ed n\u00e1grenni h\u00f6fu\u00f0borgarinnar.\u00a0 Gvendarbrunnar ver\u00f0a heims\u00f3ttir og hl\u00fdtt \u00e1 fr\u00e6\u00f0sluerindi s\u00e9rfr\u00e6\u00f0inga OR samst\u00e6\u00f0unnar.\u00a0 N\u00e1nari dagskr\u00e1 tilkynnt s\u00ed\u00f0ar<\/p>\n","protected":false},"author":2,"featured_media":0,"parent":0,"menu_order":0,"comment_status":"closed","ping_status":"open","template":"","meta":{"footnotes":""},"class_list":["post-1641","page","type-page","status-publish","hentry"],"_links":{"self":[{"href":"https:\/\/vafris.is\/index.php?rest_route=\/wp\/v2\/pages\/1641","targetHints":{"allow":["GET"]}}],"collection":[{"href":"https:\/\/vafris.is\/index.php?rest_route=\/wp\/v2\/pages"}],"about":[{"href":"https:\/\/vafris.is\/index.php?rest_route=\/wp\/v2\/types\/page"}],"author":[{"embeddable":true,"href":"https:\/\/vafris.is\/index.php?rest_route=\/wp\/v2\/users\/2"}],"replies":[{"embeddable":true,"href":"https:\/\/vafris.is\/index.php?rest_route=%2Fwp%2Fv2%2Fcomments&post=1641"}],"version-history":[{"count":1,"href":"https:\/\/vafris.is\/index.php?rest_route=\/wp\/v2\/pages\/1641\/revisions"}],"predecessor-version":[{"id":1642,"href":"https:\/\/vafris.is\/index.php?rest_route=\/wp\/v2\/pages\/1641\/revisions\/1642"}],"wp:attachment":[{"href":"https:\/\/vafris.is\/index.php?rest_route=%2Fwp%2Fv2%2Fmedia&parent=1641"}],"curies":[{"name":"wp","href":"https:\/\/api.w.org\/{rel}","templated":true}]}}