{"id":1692,"date":"2023-04-27T18:09:12","date_gmt":"2023-04-27T18:09:12","guid":{"rendered":"https:\/\/vafris.is\/?page_id=1692"},"modified":"2023-04-28T14:48:36","modified_gmt":"2023-04-28T14:48:36","slug":"minning-um-jonas-eliasson","status":"publish","type":"page","link":"https:\/\/vafris.is\/?page_id=1692","title":{"rendered":"J\u00f3nasar El\u00edassonar minnst"},"content":{"rendered":"\n<p>Vatns- og fr\u00e1veituf\u00e9lag \u00cdslands h\u00e9lt m\u00e1l\u00feing til a\u00f0 minnast J\u00f3nasar El\u00edassonar, fyrrum me\u00f0stj\u00f3rnanda f\u00e9lagsins \u00e1 \u00e1runum 2012-2014.  M\u00e1l\u00feingi\u00f0 var haldi\u00f0 \u00ed samvinnu vi\u00f0 <a href=\"https:\/\/www.hi.is\/vidburdir\/malthing_til_minningar_um_jonas_eliasson\">umhverfis- og byggingarverkfr\u00e6\u00f0ideild H\u00e1sk\u00f3la \u00cdslands<\/a> \u00feann 27. apr\u00edl 2023 \u00e1 Litla Torgi, \u00ed H\u00e1sk\u00f3la \u00cdslands.  Torgi\u00f0 var n\u00e1nast fullskipa\u00f0 af samstarfsm\u00f6nnum, \u00e1hugaf\u00f3lki um vatn, s\u00e9rfr\u00e6\u00f0ingum fr\u00e1 \u00fdmsum stofnunum, f\u00e9lagsm\u00f6nnum og a\u00f0standendum. <\/p>\n\n\n\n<p><strong>Dagskr\u00e1 (<a href=\"https:\/\/www.facebook.com\/673634707\/videos\/785624169715073\/\">upptaka<\/a>):<\/strong><\/p>\n\n\n\n<p>(1) <strong>J\u00fal\u00edus S\u00f3lnes, <\/strong>pr\u00f3fessor emer\u00edtus vi\u00f0 H\u00cd, sag\u00f0i fr\u00e1 n\u00e1ms\u00e1rum s\u00ednum me\u00f0 J\u00f3nasi \u00e1 Akureyri og \u00ed verkfr\u00e6\u00f0i vi\u00f0 H\u00e1sk\u00f3la \u00cdslands, \u00e1samt ranns\u00f3knaverkefnum.  <\/p>\n\n\n\n<p>(2) <strong>Sveinn \u00d3li P\u00e1lmarsson, <\/strong>framkv\u00e6mdastj\u00f3ri Vatnaskila, sag\u00f0i fr\u00e1 framl\u00f6gum J\u00f3nasar \u00e1 svi\u00f0um jar\u00f0hita, grunnvatns, aftakaregns, fl\u00f3\u00f0ah\u00f6nnun og gos\u00f6skuranns\u00f3kna.  <\/p>\n\n\n\n<p>(3) <strong>Andr\u00e9a Massad<\/strong>, s\u00e9rfr\u00e6\u00f0ingur hj\u00e1 Ve\u00f0urstofu \u00cdslands, greindi fr\u00e1 n\u00fdjustu ranns\u00f3knum \u00e1 svi\u00f0i aftaka\u00farkomu \u00e1 \u00cdslandi.<\/p>\n\n\n\n<p>(4) <strong>Brynj\u00f3lfur Gauti Gu\u00f0r\u00fanar J\u00f3nsson, <\/strong>doktorsnemi \u00ed st\u00e6r\u00f0fr\u00e6\u00f0i vi\u00f0 H\u00cd, greindi fr\u00e1 n\u00fdjum t\u00f6lfr\u00e6\u00f0ilegum a\u00f0fer\u00f0um vi\u00f0 a\u00f0 b\u00e6ta sp\u00e1r fyrir h\u00e1marks\u00farkomu \u00ed Bretlandi, og hvernig megi yfirf\u00e6ra sl\u00edka a\u00f0fer\u00f0afr\u00e6\u00f0i \u00e1 \u00cdslandi. <\/p>\n\n\n\n<p><strong>Hrund \u00d3. Andrad\u00f3ttir, <\/strong>fundarstj\u00f3ri, lauk m\u00e1l\u00feinginu a\u00f0 r\u00e6\u00f0a um framt\u00ed\u00f0arranns\u00f3knir og f\u00e9lagsstarf sem J\u00f3nas leiddi innan verkfr\u00e6\u00f0ideilda. <\/p>\n\n\n\n<p>Vatns og fr\u00e1veituf\u00e9lagi\u00f0 \u00feakka\u00f0i a\u00f0standendum J\u00f3nasar me\u00f0 bl\u00f3mvendi, og verkfr\u00e6\u00f0i- og n\u00e1tt\u00faruv\u00edsindasvi\u00f0 me\u00f0 gj\u00f6f. <\/p>\n\n\n\n<p><img loading=\"lazy\" decoding=\"async\" width=\"150\" height=\"113\" class=\"wp-image-1696\" style=\"width: 150px;\" src=\"https:\/\/vafris.is\/wp-content\/uploads\/2023\/04\/20230427_142912-scaled.jpg\" alt=\"\" srcset=\"https:\/\/vafris.is\/wp-content\/uploads\/2023\/04\/20230427_142912-scaled.jpg 2560w, https:\/\/vafris.is\/wp-content\/uploads\/2023\/04\/20230427_142912-300x225.jpg 300w, https:\/\/vafris.is\/wp-content\/uploads\/2023\/04\/20230427_142912-1024x768.jpg 1024w, https:\/\/vafris.is\/wp-content\/uploads\/2023\/04\/20230427_142912-768x576.jpg 768w, https:\/\/vafris.is\/wp-content\/uploads\/2023\/04\/20230427_142912-1536x1152.jpg 1536w, https:\/\/vafris.is\/wp-content\/uploads\/2023\/04\/20230427_142912-2048x1536.jpg 2048w, https:\/\/vafris.is\/wp-content\/uploads\/2023\/04\/20230427_142912-400x300.jpg 400w\" sizes=\"auto, (max-width: 150px) 100vw, 150px\" \/><\/p>\n","protected":false},"excerpt":{"rendered":"<p>Vatns- og fr\u00e1veituf\u00e9lag \u00cdslands h\u00e9lt m\u00e1l\u00feing til a\u00f0 minnast J\u00f3nasar El\u00edassonar, fyrrum me\u00f0stj\u00f3rnanda f\u00e9lagsins \u00e1 \u00e1runum 2012-2014. M\u00e1l\u00feingi\u00f0 var haldi\u00f0 \u00ed samvinnu vi\u00f0 umhverfis- og byggingarverkfr\u00e6\u00f0ideild H\u00e1sk\u00f3la \u00cdslands \u00feann 27. apr\u00edl 2023 \u00e1 Litla Torgi, \u00ed H\u00e1sk\u00f3la \u00cdslands. Torgi\u00f0 var &hellip; <a href=\"https:\/\/vafris.is\/?page_id=1692\">Halda \u00e1fram a\u00f0 lesa <span class=\"meta-nav\">&rarr;<\/span><\/a><\/p>\n","protected":false},"author":2,"featured_media":0,"parent":0,"menu_order":0,"comment_status":"closed","ping_status":"closed","template":"","meta":{"footnotes":""},"class_list":["post-1692","page","type-page","status-publish","hentry"],"_links":{"self":[{"href":"https:\/\/vafris.is\/index.php?rest_route=\/wp\/v2\/pages\/1692","targetHints":{"allow":["GET"]}}],"collection":[{"href":"https:\/\/vafris.is\/index.php?rest_route=\/wp\/v2\/pages"}],"about":[{"href":"https:\/\/vafris.is\/index.php?rest_route=\/wp\/v2\/types\/page"}],"author":[{"embeddable":true,"href":"https:\/\/vafris.is\/index.php?rest_route=\/wp\/v2\/users\/2"}],"replies":[{"embeddable":true,"href":"https:\/\/vafris.is\/index.php?rest_route=%2Fwp%2Fv2%2Fcomments&post=1692"}],"version-history":[{"count":5,"href":"https:\/\/vafris.is\/index.php?rest_route=\/wp\/v2\/pages\/1692\/revisions"}],"predecessor-version":[{"id":1705,"href":"https:\/\/vafris.is\/index.php?rest_route=\/wp\/v2\/pages\/1692\/revisions\/1705"}],"wp:attachment":[{"href":"https:\/\/vafris.is\/index.php?rest_route=%2Fwp%2Fv2%2Fmedia&parent=1692"}],"curies":[{"name":"wp","href":"https:\/\/api.w.org\/{rel}","templated":true}]}}