{"id":1724,"date":"2024-10-24T11:59:15","date_gmt":"2024-10-24T11:59:15","guid":{"rendered":"https:\/\/vafris.is\/?page_id=1724"},"modified":"2024-10-31T09:50:05","modified_gmt":"2024-10-31T09:50:05","slug":"jardvegsmengun","status":"publish","type":"page","link":"https:\/\/vafris.is\/?page_id=1724","title":{"rendered":"Jar\u00f0vegsmengun 2024"},"content":{"rendered":"\n<p>H\u00e1sk\u00f3li \u00cdslands og Vatns- og fr\u00e1veituf\u00e9lag \u00cdslands (VAFR\u00cds) bu\u00f0u til morgunver\u00f0arfundar um mengun \u00ed jar\u00f0vegi \u00feann 23. okt\u00f3ber 2024 fr\u00e1 kl. 8:20-10:00. Fyrst r\u00e6ddu innlendir a\u00f0ilar \u00e1skoranir fr\u00e1 sj\u00f3narhorni rekstrara\u00f0ila vatnsveitu \u00e1 eldbrotasv\u00e6\u00f0i, og r\u00e1\u00f0gjafans. S\u00ed\u00f0an var reynslan fr\u00e1 Bandar\u00edkjunum kynnt. <a href=\"https:\/\/www.facebook.com\/673634707\/videos\/557332496687049\/\" data-type=\"link\" data-id=\"https:\/\/www.facebook.com\/673634707\/videos\/557332496687049\/\">Myndbands upptaka af erindum<\/a><\/p>\n\n\n\n<p><strong>Dagskr\u00e1<\/strong><\/p>\n\n\n\n<p>Kl. 8:20&nbsp; Kaffi \u00ed anddyri h\u00fass<\/p>\n\n\n\n<p>Kl. 8:40&nbsp; Hrund \u00d3l\u00f6f Andrad\u00f3ttir, deildarforseti umhverfis- og byggingarverkfr\u00e6\u00f0ideildar H\u00cd og gjaldkeri VAFR\u00cds, setur og st\u00fdrir fundi<\/p>\n\n\n\n<p>Kl. 8:45&nbsp; Erindi (gl\u00e6rukynningar)<\/p>\n\n\n\n<div class=\"wp-block-file\"><a id=\"wp-block-file--media-703f20c0-f4e1-416e-ae08-0cda003fc1c8\" href=\"https:\/\/vafris.is\/wp-content\/uploads\/2024\/10\/Baldur-Dyrfjord-Vatnsvernd-i-varnarbarattu.pdf\">Baldur D\u00fdrfj\u00f6r\u00f0 &#8211; Vatnsvernd \u00ed varnarbar\u00e1ttu<\/a><\/div>\n\n\n\n<div class=\"wp-block-file\"><a id=\"wp-block-file--media-a52ff0b3-3338-4412-8c61-73ea6a72781a\" href=\"https:\/\/vafris.is\/?attachment_id=1757\">Erla Gu\u00f0r\u00fan Hafsteinsd\u00f3ttir &#8211; \u00c1skoranir \u00ed jarvegsmengun \u00e1 \u00cdslandi<\/a><\/div>\n\n\n\n<div class=\"wp-block-file\"><a id=\"wp-block-file--media-717a6d64-35c2-4062-950b-9dce06f60c42\" href=\"https:\/\/vafris.is\/wp-content\/uploads\/2024\/10\/Rainer-Lohmann-Remediation-approaches-in-the-US.pdf\" target=\"_blank\" rel=\"noreferrer noopener\">Rainer Lohmann &#8211; Remediation approaches in the US<\/a><\/div>\n\n\n\n<p><\/p>\n\n\n\n<p>    Dr. Rainer Lohmann er pr\u00f3fessor vi\u00f0 haffr\u00e6\u00f0ideild h\u00e1sk\u00f3lans \u00ed Rhode Island. Hann nam efnaverkfr\u00e6\u00f0i vi\u00f0 EHICS \u00ed Strasbourg \u00ed Frakklandi, og lauk doktorsn\u00e1mi \u00ed umhverfisverkfr\u00e6\u00f0i vi\u00f0 Lancaster h\u00e1sk\u00f3la \u00ed Bretlandi. Hann er forst\u00f6\u00f0uma\u00f0ur Superfund Research Program Center um uppsprettur, flutning, \u00fatsetningu og \u00e1hrif PFAS efna \u00ed umhverfinu. Ranns\u00f3knir hans beinast a\u00f0 m\u00e6la og greina \u00f6rl\u00f6g mengunarvalda af mannav\u00f6ldum \u00ed umhverfinu, oft me\u00f0 \u00f3beinum s\u00fdnat\u00f6kua\u00f0fer\u00f0um.<\/p>\n\n\n\n<p>Dr. Lohmann starfa\u00f0i \u00ed st\u00fdrinefnd stj\u00f3rnar v\u00edsindar\u00e1\u00f0gjafa Umhverfisstofnunar Bandar\u00edkjanna \u00e1rin 2017-2023. Hann hlaut Fulbright Arctic Initiative III \u00e1ri\u00f0 2020 og Alexander-von-Humboldt Fellowship \u00e1ri\u00f0 2011. Sem me\u00f0limur Global PFAS Science Panel og International Panel on Chemical Pollution hefur Dr. Lohmann starfa\u00f0 vi\u00f0 a\u00f0 gera v\u00edsindi a\u00f0gengileg fyrir stefnum\u00f3tendur. Hann heims\u00e6kir H\u00e1sk\u00f3la \u00cdslands sem Fulbright s\u00e9rfr\u00e6\u00f0ingur me\u00f0 stu\u00f0ningi fr\u00e1 Fulbright \u00cdslandi.<\/p>\n\n\n\n<figure class=\"wp-block-gallery has-nested-images columns-default is-cropped wp-block-gallery-1 is-layout-flex wp-block-gallery-is-layout-flex\">\n<figure class=\"wp-block-image size-large\"><a href=\"https:\/\/vafris.is\/wp-content\/uploads\/2024\/10\/1000003865.jpg\"><img loading=\"lazy\" decoding=\"async\" width=\"1024\" height=\"768\" data-id=\"1744\" src=\"https:\/\/vafris.is\/wp-content\/uploads\/2024\/10\/1000003865-1024x768.jpg\" alt=\"\" class=\"wp-image-1744\" srcset=\"https:\/\/vafris.is\/wp-content\/uploads\/2024\/10\/1000003865-1024x768.jpg 1024w, https:\/\/vafris.is\/wp-content\/uploads\/2024\/10\/1000003865-300x225.jpg 300w, https:\/\/vafris.is\/wp-content\/uploads\/2024\/10\/1000003865-768x576.jpg 768w, https:\/\/vafris.is\/wp-content\/uploads\/2024\/10\/1000003865-1536x1152.jpg 1536w, https:\/\/vafris.is\/wp-content\/uploads\/2024\/10\/1000003865-400x300.jpg 400w, https:\/\/vafris.is\/wp-content\/uploads\/2024\/10\/1000003865.jpg 2040w\" sizes=\"auto, (max-width: 1024px) 100vw, 1024px\" \/><\/a><\/figure>\n\n\n\n<figure class=\"wp-block-image size-large\"><a href=\"https:\/\/vafris.is\/wp-content\/uploads\/2024\/10\/1000003866.jpg\"><img loading=\"lazy\" decoding=\"async\" width=\"1024\" height=\"768\" data-id=\"1746\" src=\"https:\/\/vafris.is\/wp-content\/uploads\/2024\/10\/1000003866-1024x768.jpg\" alt=\"\" class=\"wp-image-1746\" srcset=\"https:\/\/vafris.is\/wp-content\/uploads\/2024\/10\/1000003866-1024x768.jpg 1024w, https:\/\/vafris.is\/wp-content\/uploads\/2024\/10\/1000003866-300x225.jpg 300w, https:\/\/vafris.is\/wp-content\/uploads\/2024\/10\/1000003866-768x576.jpg 768w, https:\/\/vafris.is\/wp-content\/uploads\/2024\/10\/1000003866-1536x1152.jpg 1536w, https:\/\/vafris.is\/wp-content\/uploads\/2024\/10\/1000003866-400x300.jpg 400w, https:\/\/vafris.is\/wp-content\/uploads\/2024\/10\/1000003866.jpg 2040w\" sizes=\"auto, (max-width: 1024px) 100vw, 1024px\" \/><\/a><\/figure>\n\n\n\n<figure class=\"wp-block-image size-large\"><a href=\"https:\/\/vafris.is\/wp-content\/uploads\/2024\/10\/1000003867.jpg\"><img loading=\"lazy\" decoding=\"async\" width=\"1024\" height=\"768\" data-id=\"1745\" src=\"https:\/\/vafris.is\/wp-content\/uploads\/2024\/10\/1000003867-1024x768.jpg\" alt=\"\" class=\"wp-image-1745\" srcset=\"https:\/\/vafris.is\/wp-content\/uploads\/2024\/10\/1000003867-1024x768.jpg 1024w, https:\/\/vafris.is\/wp-content\/uploads\/2024\/10\/1000003867-300x225.jpg 300w, https:\/\/vafris.is\/wp-content\/uploads\/2024\/10\/1000003867-768x576.jpg 768w, https:\/\/vafris.is\/wp-content\/uploads\/2024\/10\/1000003867-1536x1152.jpg 1536w, https:\/\/vafris.is\/wp-content\/uploads\/2024\/10\/1000003867-400x300.jpg 400w, https:\/\/vafris.is\/wp-content\/uploads\/2024\/10\/1000003867.jpg 2040w\" sizes=\"auto, (max-width: 1024px) 100vw, 1024px\" \/><\/a><\/figure>\n\n\n\n<figure class=\"wp-block-image size-large\"><a href=\"https:\/\/vafris.is\/wp-content\/uploads\/2024\/10\/1000003868.jpg\"><img loading=\"lazy\" decoding=\"async\" width=\"1024\" height=\"768\" data-id=\"1743\" src=\"https:\/\/vafris.is\/wp-content\/uploads\/2024\/10\/1000003868-1024x768.jpg\" alt=\"\" class=\"wp-image-1743\" srcset=\"https:\/\/vafris.is\/wp-content\/uploads\/2024\/10\/1000003868-1024x768.jpg 1024w, https:\/\/vafris.is\/wp-content\/uploads\/2024\/10\/1000003868-300x225.jpg 300w, https:\/\/vafris.is\/wp-content\/uploads\/2024\/10\/1000003868-768x576.jpg 768w, https:\/\/vafris.is\/wp-content\/uploads\/2024\/10\/1000003868-1536x1152.jpg 1536w, https:\/\/vafris.is\/wp-content\/uploads\/2024\/10\/1000003868-400x300.jpg 400w, https:\/\/vafris.is\/wp-content\/uploads\/2024\/10\/1000003868.jpg 2040w\" sizes=\"auto, (max-width: 1024px) 100vw, 1024px\" \/><\/a><\/figure>\n<\/figure>\n\n\n\n<p><\/p>\n","protected":false},"excerpt":{"rendered":"<p>H\u00e1sk\u00f3li \u00cdslands og Vatns- og fr\u00e1veituf\u00e9lag \u00cdslands (VAFR\u00cds) bu\u00f0u til morgunver\u00f0arfundar um mengun \u00ed jar\u00f0vegi \u00feann 23. okt\u00f3ber 2024 fr\u00e1 kl. 8:20-10:00. Fyrst r\u00e6ddu innlendir a\u00f0ilar \u00e1skoranir fr\u00e1 sj\u00f3narhorni rekstrara\u00f0ila vatnsveitu \u00e1 eldbrotasv\u00e6\u00f0i, og r\u00e1\u00f0gjafans. S\u00ed\u00f0an var reynslan fr\u00e1 Bandar\u00edkjunum &hellip; <a href=\"https:\/\/vafris.is\/?page_id=1724\">Halda \u00e1fram a\u00f0 lesa <span class=\"meta-nav\">&rarr;<\/span><\/a><\/p>\n","protected":false},"author":2,"featured_media":0,"parent":0,"menu_order":0,"comment_status":"closed","ping_status":"closed","template":"","meta":{"footnotes":""},"class_list":["post-1724","page","type-page","status-publish","hentry"],"_links":{"self":[{"href":"https:\/\/vafris.is\/index.php?rest_route=\/wp\/v2\/pages\/1724","targetHints":{"allow":["GET"]}}],"collection":[{"href":"https:\/\/vafris.is\/index.php?rest_route=\/wp\/v2\/pages"}],"about":[{"href":"https:\/\/vafris.is\/index.php?rest_route=\/wp\/v2\/types\/page"}],"author":[{"embeddable":true,"href":"https:\/\/vafris.is\/index.php?rest_route=\/wp\/v2\/users\/2"}],"replies":[{"embeddable":true,"href":"https:\/\/vafris.is\/index.php?rest_route=%2Fwp%2Fv2%2Fcomments&post=1724"}],"version-history":[{"count":14,"href":"https:\/\/vafris.is\/index.php?rest_route=\/wp\/v2\/pages\/1724\/revisions"}],"predecessor-version":[{"id":1759,"href":"https:\/\/vafris.is\/index.php?rest_route=\/wp\/v2\/pages\/1724\/revisions\/1759"}],"wp:attachment":[{"href":"https:\/\/vafris.is\/index.php?rest_route=%2Fwp%2Fv2%2Fmedia&parent=1724"}],"curies":[{"name":"wp","href":"https:\/\/api.w.org\/{rel}","templated":true}]}}