{"id":23,"date":"2012-10-08T14:56:42","date_gmt":"2012-10-08T14:56:42","guid":{"rendered":"https:\/\/vafris.is\/?page_id=23"},"modified":"2024-10-24T12:08:32","modified_gmt":"2024-10-24T12:08:32","slug":"stjorn","status":"publish","type":"page","link":"https:\/\/vafris.is\/?page_id=23","title":{"rendered":"Stj\u00f3rn"},"content":{"rendered":"<p><strong><a href=\"https:\/\/vafris.is\/wp-content\/uploads\/2012\/10\/Hl\u00f6\u00f0ver-Stef\u00e1n-\u00deorgeirsson1.jpg\"><img loading=\"lazy\" decoding=\"async\" class=\"alignleft size-thumbnail wp-image-1363\" title=\"Hl\u00f6\u00f0ver Stef\u00e1n \u00deorgeirsson\" src=\"https:\/\/vafris.is\/wp-content\/uploads\/2012\/10\/Hl\u00f6\u00f0ver-Stef\u00e1n-\u00deorgeirsson1-150x150.jpg\" alt=\"\" width=\"150\" height=\"150\" \/><\/a>Hl\u00f6\u00f0ver Stef\u00e1n \u00deorgeirsson<\/strong><br \/>\nForma\u00f0ur 2021-<br \/>\nGjaldkeri VAFR\u00cd 2020-1<br \/>\n<a style=\"font-weight: 300;\" href=\"mailto:hlodvers@veitur.is\" target=\"_blank\" rel=\"noopener noreferrer\" data-auth=\"NotApplicable\"><span data-olk-copy-source=\"MessageBody\">hlodver.stefan@bjorgum.is <\/span><\/a><\/p>\n<p><span style=\"font-weight: 300;\">S\u00edmi: +354 617 6617<br \/>\n<\/span><\/p>\n<p><span style=\"font-weight: 300;\">\u00a0<\/span><\/p>\n<p><strong><a href=\"https:\/\/vafris.is\/wp-content\/uploads\/2012\/10\/hrund_andradottir_litur_a.jpg\"><img loading=\"lazy\" decoding=\"async\" class=\"alignleft size-thumbnail wp-image-1349\" title=\"hrund_andradottir_litur_a\" src=\"https:\/\/vafris.is\/wp-content\/uploads\/2012\/10\/hrund_andradottir_litur_a-150x150.jpg\" alt=\"\" width=\"150\" height=\"150\" srcset=\"https:\/\/vafris.is\/wp-content\/uploads\/2012\/10\/hrund_andradottir_litur_a-150x150.jpg 150w, https:\/\/vafris.is\/wp-content\/uploads\/2012\/10\/hrund_andradottir_litur_a-300x300.jpg 300w, https:\/\/vafris.is\/wp-content\/uploads\/2012\/10\/hrund_andradottir_litur_a-1024x1024.jpg 1024w, https:\/\/vafris.is\/wp-content\/uploads\/2012\/10\/hrund_andradottir_litur_a.jpg 1535w\" sizes=\"auto, (max-width: 150px) 100vw, 150px\" \/><\/a><\/strong><strong>Hrund Andrad\u00f3ttir<br \/>\n<\/strong><span style=\"font-weight: 300;\">Gjalkeri VAFR\u00cd 2021-<br \/>\n<\/span><span style=\"font-weight: 300;\">Fyrrum forma\u00f0ur 2012-2021<br \/>\n<\/span><span style=\"font-weight: 300;\">Pr\u00f3fessor \u00ed umhverfisverkfr\u00e6\u00f0i,<br \/>\nH\u00e1sk\u00f3la \u00cdslands<br \/>\n<\/span><span style=\"font-weight: 300;\">hrund@hi.is<br \/>\n<\/span><span style=\"font-weight: 300;\">GSM: +354 864 0634<br \/>\n<\/span><\/p>\n<p>&nbsp;<\/p>\n<p><a href=\"https:\/\/vafris.is\/wp-content\/uploads\/2012\/10\/Baldur-D\u00fdrfj\u00f6r\u00f0.jpg\"><img loading=\"lazy\" decoding=\"async\" class=\"alignleft size-thumbnail wp-image-1190\" title=\"Baldur D\u00fdrfj\u00f6r\u00f0\" src=\"https:\/\/vafris.is\/wp-content\/uploads\/2012\/10\/Baldur-D\u00fdrfj\u00f6r\u00f0-150x150.jpg\" alt=\"\" width=\"150\" height=\"150\" srcset=\"https:\/\/vafris.is\/wp-content\/uploads\/2012\/10\/Baldur-D\u00fdrfj\u00f6r\u00f0-150x150.jpg 150w, https:\/\/vafris.is\/wp-content\/uploads\/2012\/10\/Baldur-D\u00fdrfj\u00f6r\u00f0-288x288.jpg 288w\" sizes=\"auto, (max-width: 150px) 100vw, 150px\" \/><\/a><strong>Baldur D\u00fdrfj\u00f6r\u00f0<\/strong><br \/>\nRitari VAFR\u00cd 2020-<br \/>\nL\u00f6gfr\u00e6\u00f0ingur Samorku<br \/>\nSamt\u00f6k orku- og veitufyrirt\u00e6kja<br \/>\nbaldur@samorka.is<br \/>\nGSM: +354 862 1282<strong><br \/>\n<\/strong><\/p>\n<p>&nbsp;<\/p>\n<p><span style=\"font-weight: 300;\"><strong><a href=\"https:\/\/vafris.is\/wp-content\/uploads\/2012\/10\/T\u00f3masd\u00f3ttir_S_photo.jpg\"><img loading=\"lazy\" decoding=\"async\" class=\"alignleft size-thumbnail wp-image-1428\" title=\"T\u00f3masd\u00f3ttir_S_photo\" src=\"https:\/\/vafris.is\/wp-content\/uploads\/2012\/10\/T\u00f3masd\u00f3ttir_S_photo-150x150.jpg\" alt=\"\" width=\"150\" height=\"150\" \/><\/a>Sigr\u00fan T\u00f3masd\u00f3ttir <\/strong><br \/>\nMe\u00f0stj\u00f3rnandi VAFR\u00cd 2021-<br \/>\nS\u00e9rfr\u00e6\u00f0ingur \u00ed jar\u00f0v\u00edsindum<br \/>\nOrkuveita Reykjav\u00edkur<br \/>\nsigrunto@or.is<br \/>\nS\u00edmi: +354 617 6997<\/span><\/p>\n<p>&nbsp;<\/p>\n<p><span style=\"font-weight: 300;\"><strong><a href=\"https:\/\/vafris.is\/wp-content\/uploads\/2012\/10\/Sigur\u00f0ur-Gr\u00e9tar-Sigmarsson.jpg\"><img loading=\"lazy\" decoding=\"async\" class=\"alignleft size-thumbnail wp-image-1369\" title=\"Sigur\u00f0ur Gr\u00e9tar Sigmarsson\" src=\"https:\/\/vafris.is\/wp-content\/uploads\/2012\/10\/Sigur\u00f0ur-Gr\u00e9tar-Sigmarsson-150x150.jpg\" alt=\"\" width=\"150\" height=\"150\" \/><\/a>Sigur\u00f0ur Gr\u00e9tar Sigmarsson<\/strong><br \/>\nMe\u00f0stj\u00f3rnandi VAFR\u00cd 2020-<br \/>\nVatnsau\u00f0lindaverkfr\u00e6\u00f0ingur<br \/>\nVerk\u00eds<br \/>\nsgrs@verkis.is<\/span><\/p>\n<p>&nbsp;<\/p>\n<p><strong><br \/>\nFyrrverandi stj\u00f3rnarme\u00f0limir (\u00ed stafr\u00f3fsr\u00f6\u00f0):<\/strong><\/p>\n<p><strong>Ald\u00eds Ingimarsd\u00f3ttir<\/strong>, verkfr\u00e6\u00f0ingur, ritari VAFR\u00cd 2012-2013<br \/>\n<span style=\"font-weight: 300;\"><strong>Anna Hei\u00f0ur Eyd\u00edsard\u00f3ttir, <\/strong>verkfr\u00e6\u00f0ingur, me\u00f0stj\u00f3rnandi 2019-2021<strong><br \/>\n<\/strong><\/span><span style=\"font-weight: 300;\"><strong>Arnd\u00eds \u00d3sk \u00d3lafsd\u00f3ttir<\/strong>,<\/span><strong>\u00a0<\/strong><span style=\"font-weight: 300;\">verkfr\u00e6\u00f0ingur,\u00a0ritari VAFR\u00cd 2015-2019<br \/>\n<\/span><strong>Dagur J\u00f3nsson<\/strong><span style=\"font-weight: 300;\">, vatnsveiturstj\u00f3ri Hafnafjar\u00f0ar, me\u00f0stj\u00f3rnandi VAFR\u00cd 2012-2014<br \/>\n<\/span><strong>Gunnar Steinn J\u00f3nsson<\/strong><span style=\"font-weight: 300;\">, l\u00edffr\u00e6\u00f0ingur,\u00a0me\u00f0stj\u00f3rnandi VAFR\u00cd 2014-2016<br \/>\n<\/span><strong>\u00cdris \u00de\u00f3rarinsd\u00f3ttir, <\/strong><span style=\"font-weight: 300;\">verkfr\u00e6\u00f0ingur, gjaldkeri 2012-2020<br \/>\n<\/span><strong>J\u00f3nas El\u00edasson<\/strong><span style=\"font-weight: 300;\">, pr\u00f3fessor emer\u00edtus, me\u00f0stj\u00f3rnandi 2012-2014<br \/>\n<\/span><strong>Mar\u00eda J\u00f3na Gunnarsd\u00f3ttir<\/strong><span style=\"font-weight: 300;\">, s\u00e9rfr\u00e6\u00f0ingur, me\u00f0stj\u00f3rnandi VAFR\u00cd 2014-2018<br \/>\n<\/span><strong>Sigurbj\u00f6rn B\u00fai Sigur\u00f0sson<\/strong><span style=\"font-weight: 300;\">, t\u00e6knistj\u00f3ri, ritari VAFR\u00cd 2013-2015<br \/>\n<\/span><strong>Sigurj\u00f3n Kj\u00e6rnested<\/strong><span style=\"font-weight: 300;\">, verkfr\u00e6\u00f0ingur, me\u00f0stj\u00f3rnandi VAFR\u00cd 2016-2018<br \/>\n<\/span><strong>\u00deorsteinn Narfason,<\/strong><span style=\"font-weight: 300;\"> framkv\u00e6mdastj\u00f3ri heilbrig\u00f0isefirlits Mosfellsb\u00e6jar,\u00a0ritari VAFR\u00cd 2019-2020<\/span><\/p>\n","protected":false},"excerpt":{"rendered":"<p>Hl\u00f6\u00f0ver Stef\u00e1n \u00deorgeirsson Forma\u00f0ur 2021- Gjaldkeri VAFR\u00cd 2020-1 hlodver.stefan@bjorgum.is S\u00edmi: +354 617 6617 \u00a0 Hrund Andrad\u00f3ttir Gjalkeri VAFR\u00cd 2021- Fyrrum forma\u00f0ur 2012-2021 Pr\u00f3fessor \u00ed umhverfisverkfr\u00e6\u00f0i, H\u00e1sk\u00f3la \u00cdslands hrund@hi.is GSM: +354 864 0634 &nbsp; Baldur D\u00fdrfj\u00f6r\u00f0 Ritari VAFR\u00cd 2020- L\u00f6gfr\u00e6\u00f0ingur Samorku &hellip; <a href=\"https:\/\/vafris.is\/?page_id=23\">Halda \u00e1fram a\u00f0 lesa <span class=\"meta-nav\">&rarr;<\/span><\/a><\/p>\n","protected":false},"author":2,"featured_media":0,"parent":6,"menu_order":2,"comment_status":"closed","ping_status":"open","template":"","meta":{"footnotes":""},"class_list":["post-23","page","type-page","status-publish","hentry"],"_links":{"self":[{"href":"https:\/\/vafris.is\/index.php?rest_route=\/wp\/v2\/pages\/23","targetHints":{"allow":["GET"]}}],"collection":[{"href":"https:\/\/vafris.is\/index.php?rest_route=\/wp\/v2\/pages"}],"about":[{"href":"https:\/\/vafris.is\/index.php?rest_route=\/wp\/v2\/types\/page"}],"author":[{"embeddable":true,"href":"https:\/\/vafris.is\/index.php?rest_route=\/wp\/v2\/users\/2"}],"replies":[{"embeddable":true,"href":"https:\/\/vafris.is\/index.php?rest_route=%2Fwp%2Fv2%2Fcomments&post=23"}],"version-history":[{"count":70,"href":"https:\/\/vafris.is\/index.php?rest_route=\/wp\/v2\/pages\/23\/revisions"}],"predecessor-version":[{"id":1732,"href":"https:\/\/vafris.is\/index.php?rest_route=\/wp\/v2\/pages\/23\/revisions\/1732"}],"up":[{"embeddable":true,"href":"https:\/\/vafris.is\/index.php?rest_route=\/wp\/v2\/pages\/6"}],"wp:attachment":[{"href":"https:\/\/vafris.is\/index.php?rest_route=%2Fwp%2Fv2%2Fmedia&parent=23"}],"curies":[{"name":"wp","href":"https:\/\/api.w.org\/{rel}","templated":true}]}}