{"id":237,"date":"2012-10-12T10:42:57","date_gmt":"2012-10-12T10:42:57","guid":{"rendered":"https:\/\/vafris.is\/?page_id=237"},"modified":"2012-10-12T10:49:53","modified_gmt":"2012-10-12T10:49:53","slug":"verkfraedingafelag-islands","status":"publish","type":"page","link":"https:\/\/vafris.is\/?page_id=237","title":{"rendered":"Verkfr\u00e6\u00f0ingaf\u00e9lag \u00cdslands"},"content":{"rendered":"<p><a href=\"http:\/\/www.vfi.is\/\" target=\"_blank\">Verkfr\u00e6\u00f0ingaf\u00e9lag \u00cdslands<\/a> gefur \u00fat<\/p>\n<ul>\n<li><strong>\u00c1rb\u00f3k,<\/strong> \u00fear sem verkfr\u00e6\u00f0ingar kynna n\u00fdjungar og ranns\u00f3knir \u00e1 svi\u00f0i verkfr\u00e6\u00f0i<\/li>\n<li><strong>Ritr\u00f6\u00f0,<\/strong> \u00fear sem me\u00f0al annars er rakin framkv\u00e6mdasaga \u00cdslands og sagt fr\u00e1 fumkv\u00f6\u00f0lum \u00ed verkfr\u00e6\u00f0i<\/li>\n<\/ul>\n<p>Saga vatnsveitunnar er l\u00fdst \u00e1 bls. 55-66 \u00ed &#8222;Verkin s\u00fdna merkin&#8220; eftir Svein \u00de\u00f3r\u00f0arson (2009)<\/p>\n","protected":false},"excerpt":{"rendered":"<p>Verkfr\u00e6\u00f0ingaf\u00e9lag \u00cdslands gefur \u00fat \u00c1rb\u00f3k, \u00fear sem verkfr\u00e6\u00f0ingar kynna n\u00fdjungar og ranns\u00f3knir \u00e1 svi\u00f0i verkfr\u00e6\u00f0i Ritr\u00f6\u00f0, \u00fear sem me\u00f0al annars er rakin framkv\u00e6mdasaga \u00cdslands og sagt fr\u00e1 fumkv\u00f6\u00f0lum \u00ed verkfr\u00e6\u00f0i Saga vatnsveitunnar er l\u00fdst \u00e1 bls. 55-66 \u00ed &#8222;Verkin s\u00fdna &hellip; <a href=\"https:\/\/vafris.is\/?page_id=237\">Halda \u00e1fram a\u00f0 lesa <span class=\"meta-nav\">&rarr;<\/span><\/a><\/p>\n","protected":false},"author":2,"featured_media":0,"parent":2,"menu_order":0,"comment_status":"closed","ping_status":"open","template":"","meta":{"footnotes":""},"class_list":["post-237","page","type-page","status-publish","hentry"],"_links":{"self":[{"href":"https:\/\/vafris.is\/index.php?rest_route=\/wp\/v2\/pages\/237","targetHints":{"allow":["GET"]}}],"collection":[{"href":"https:\/\/vafris.is\/index.php?rest_route=\/wp\/v2\/pages"}],"about":[{"href":"https:\/\/vafris.is\/index.php?rest_route=\/wp\/v2\/types\/page"}],"author":[{"embeddable":true,"href":"https:\/\/vafris.is\/index.php?rest_route=\/wp\/v2\/users\/2"}],"replies":[{"embeddable":true,"href":"https:\/\/vafris.is\/index.php?rest_route=%2Fwp%2Fv2%2Fcomments&post=237"}],"version-history":[{"count":3,"href":"https:\/\/vafris.is\/index.php?rest_route=\/wp\/v2\/pages\/237\/revisions"}],"predecessor-version":[{"id":246,"href":"https:\/\/vafris.is\/index.php?rest_route=\/wp\/v2\/pages\/237\/revisions\/246"}],"up":[{"embeddable":true,"href":"https:\/\/vafris.is\/index.php?rest_route=\/wp\/v2\/pages\/2"}],"wp:attachment":[{"href":"https:\/\/vafris.is\/index.php?rest_route=%2Fwp%2Fv2%2Fmedia&parent=237"}],"curies":[{"name":"wp","href":"https:\/\/api.w.org\/{rel}","templated":true}]}}