{"id":268,"date":"2012-10-12T14:06:04","date_gmt":"2012-10-12T14:06:04","guid":{"rendered":"https:\/\/vafris.is\/?page_id=268"},"modified":"2024-10-24T12:08:02","modified_gmt":"2024-10-24T12:08:02","slug":"english","status":"publish","type":"page","link":"https:\/\/vafris.is\/?page_id=268","title":{"rendered":"English"},"content":{"rendered":"<p>The Water and Wastewater Association of Iceland (VAFR\u00cd) was founded on April 17th, 2009.\u00a0 This is an association of individuals, organizations and companies interested in water and wastewater affairs. The main goals of the association are:<\/p>\n<ul>\n<li>To promote safe water systems, improved water quality and sustainable wastewater systems.<\/li>\n<li>To promote best available technology in water and wastewater system operations.<\/li>\n<li>To promote design principles and improve infrastructure design in the water and wastewater sector.<\/li>\n<li>To improve the members knowledge on water and wastewater systems with verbal communications, regular meetings and site visits<\/li>\n<li>To educate the public on water and wastewater affairs<\/li>\n<li>To assist authorities on law and regulations, as well as writing standards for water and wastewater systems.<\/li>\n<\/ul>\n<p>For more information, contact:<\/p>\n<ul>\n<li>Hl\u00f6\u00f0ver Stef\u00e1n \u00deorgeirsson, President of VAFR\u00cd, <span data-olk-copy-source=\"MessageBody\">hlodver.stefan@bjorgum.is <\/span><\/li>\n<li>Hrund Andrad\u00f3ttir, Financial Officer of VAFR\u00cd, hrund@hi.is<\/li>\n<\/ul>\n","protected":false},"excerpt":{"rendered":"<p>The Water and Wastewater Association of Iceland (VAFR\u00cd) was founded on April 17th, 2009.\u00a0 This is an association of individuals, organizations and companies interested in water and wastewater affairs. The main goals of the association are: To promote safe water &hellip; <a href=\"https:\/\/vafris.is\/?page_id=268\">Halda \u00e1fram a\u00f0 lesa <span class=\"meta-nav\">&rarr;<\/span><\/a><\/p>\n","protected":false},"author":2,"featured_media":0,"parent":0,"menu_order":0,"comment_status":"closed","ping_status":"open","template":"","meta":{"footnotes":""},"class_list":["post-268","page","type-page","status-publish","hentry"],"_links":{"self":[{"href":"https:\/\/vafris.is\/index.php?rest_route=\/wp\/v2\/pages\/268","targetHints":{"allow":["GET"]}}],"collection":[{"href":"https:\/\/vafris.is\/index.php?rest_route=\/wp\/v2\/pages"}],"about":[{"href":"https:\/\/vafris.is\/index.php?rest_route=\/wp\/v2\/types\/page"}],"author":[{"embeddable":true,"href":"https:\/\/vafris.is\/index.php?rest_route=\/wp\/v2\/users\/2"}],"replies":[{"embeddable":true,"href":"https:\/\/vafris.is\/index.php?rest_route=%2Fwp%2Fv2%2Fcomments&post=268"}],"version-history":[{"count":9,"href":"https:\/\/vafris.is\/index.php?rest_route=\/wp\/v2\/pages\/268\/revisions"}],"predecessor-version":[{"id":1731,"href":"https:\/\/vafris.is\/index.php?rest_route=\/wp\/v2\/pages\/268\/revisions\/1731"}],"wp:attachment":[{"href":"https:\/\/vafris.is\/index.php?rest_route=%2Fwp%2Fv2%2Fmedia&parent=268"}],"curies":[{"name":"wp","href":"https:\/\/api.w.org\/{rel}","templated":true}]}}