{"id":33,"date":"2012-10-08T16:41:43","date_gmt":"2012-10-08T16:41:43","guid":{"rendered":"https:\/\/vafris.is\/?page_id=33"},"modified":"2020-05-20T11:23:57","modified_gmt":"2020-05-20T11:23:57","slug":"vatnsveitur","status":"publish","type":"page","link":"https:\/\/vafris.is\/?page_id=33","title":{"rendered":"Vatnsveitukerfi"},"content":{"rendered":"<p>Vatnsveitur \u00fej\u00f3na \u00feeim tilgangi a\u00f0 f\u00e6ra vatn fr\u00e1 vatnsb\u00f3lum til neytenda. Helstu bur\u00f0ali\u00f0ir vatnsveitna eru:<\/p>\n<ul>\n<li><strong>Borholur<\/strong> e\u00f0a <strong>inntaksmannvirki<\/strong> vi\u00f0 vatnsb\u00f3l<\/li>\n<li><strong>Vatnshreinsivirki,<\/strong> sem tryggja a\u00f0 vatni\u00f0 s\u00e9 heilsusamlegt<\/li>\n<li><strong>A\u00f0veitu\u00e6\u00f0ar<\/strong>, sem flytja vatn fr\u00e1 vatnsb\u00f3li til \u00fe\u00e9ttb\u00fdlis<\/li>\n<li><strong>Vatnss\u00f6fnunartankar<\/strong>, sem anna \u00e1lagst\u00edmum eins og \u00feegar eldsvo\u00f0i \u00e1 s\u00e9r sta\u00f0<\/li>\n<li><strong>Innanb\u00e6jar dreifikerfi,<\/strong> sem samanstanda af p\u00edpum, d\u00e6lum, lokum, brunah\u00f6num og fleiri \u00fe\u00e1ttum sem tryggja a\u00f0gengi neytenda a\u00f0 hreinu vatni<\/li>\n<\/ul>\n<p>\u00deessir innvi\u00f0ir eru vi\u00f0kv\u00e6mir fyrir ytri \u00e1hrifum, s.s. rigningu, fl\u00f3\u00f0um og skri\u00f0uf\u00f6llum. Me\u00f0 hnattr\u00e6nni hl\u00fdnun m\u00e1 b\u00faast vi\u00f0 auknu \u00e1lagi \u00e1 vatnsveitukerfin, eins og kemur fram \u00ed n\u00fdlegri grein Mar\u00edu J. Gunnarsd\u00f3ttur ofl. 2019 \u00ed <a href=\"https:\/\/www.vfi.is\/media\/utgafa\/Vatnsgaedi_Loftslagsbreytingar_loka_2019.pdf\">Verkt\u00e6kni<\/a>.<\/p>\n","protected":false},"excerpt":{"rendered":"<p>Vatnsveitur \u00fej\u00f3na \u00feeim tilgangi a\u00f0 f\u00e6ra vatn fr\u00e1 vatnsb\u00f3lum til neytenda. Helstu bur\u00f0ali\u00f0ir vatnsveitna eru: Borholur e\u00f0a inntaksmannvirki vi\u00f0 vatnsb\u00f3l Vatnshreinsivirki, sem tryggja a\u00f0 vatni\u00f0 s\u00e9 heilsusamlegt A\u00f0veitu\u00e6\u00f0ar, sem flytja vatn fr\u00e1 vatnsb\u00f3li til \u00fe\u00e9ttb\u00fdlis Vatnss\u00f6fnunartankar, sem anna \u00e1lagst\u00edmum eins &hellip; <a href=\"https:\/\/vafris.is\/?page_id=33\">Halda \u00e1fram a\u00f0 lesa <span class=\"meta-nav\">&rarr;<\/span><\/a><\/p>\n","protected":false},"author":2,"featured_media":0,"parent":10,"menu_order":0,"comment_status":"closed","ping_status":"open","template":"","meta":{"footnotes":""},"class_list":["post-33","page","type-page","status-publish","hentry"],"_links":{"self":[{"href":"https:\/\/vafris.is\/index.php?rest_route=\/wp\/v2\/pages\/33","targetHints":{"allow":["GET"]}}],"collection":[{"href":"https:\/\/vafris.is\/index.php?rest_route=\/wp\/v2\/pages"}],"about":[{"href":"https:\/\/vafris.is\/index.php?rest_route=\/wp\/v2\/types\/page"}],"author":[{"embeddable":true,"href":"https:\/\/vafris.is\/index.php?rest_route=\/wp\/v2\/users\/2"}],"replies":[{"embeddable":true,"href":"https:\/\/vafris.is\/index.php?rest_route=%2Fwp%2Fv2%2Fcomments&post=33"}],"version-history":[{"count":7,"href":"https:\/\/vafris.is\/index.php?rest_route=\/wp\/v2\/pages\/33\/revisions"}],"predecessor-version":[{"id":188,"href":"https:\/\/vafris.is\/index.php?rest_route=\/wp\/v2\/pages\/33\/revisions\/188"}],"up":[{"embeddable":true,"href":"https:\/\/vafris.is\/index.php?rest_route=\/wp\/v2\/pages\/10"}],"wp:attachment":[{"href":"https:\/\/vafris.is\/index.php?rest_route=%2Fwp%2Fv2%2Fmedia&parent=33"}],"curies":[{"name":"wp","href":"https:\/\/api.w.org\/{rel}","templated":true}]}}