{"id":420,"date":"2013-03-14T17:02:05","date_gmt":"2013-03-14T17:02:05","guid":{"rendered":"https:\/\/vafris.is\/?page_id=420"},"modified":"2022-02-21T12:00:19","modified_gmt":"2022-02-21T12:00:19","slug":"malthing-11-april-2013-um-vatnsoflun","status":"publish","type":"page","link":"https:\/\/vafris.is\/?page_id=420","title":{"rendered":"Vatns\u00f6flun 2013"},"content":{"rendered":"<div id=\"attachment_459\" style=\"width: 160px\" class=\"wp-caption alignleft\"><a href=\"https:\/\/vafris.is\/wp-content\/uploads\/2013\/03\/IMG_1944.jpg\"><img loading=\"lazy\" decoding=\"async\" aria-describedby=\"caption-attachment-459\" class=\"size-thumbnail wp-image-459\" title=\"IMG_1944\" src=\"https:\/\/vafris.is\/wp-content\/uploads\/2013\/03\/IMG_1944-150x150.jpg\" alt=\"\" width=\"150\" height=\"150\" \/><\/a><p id=\"caption-attachment-459\" class=\"wp-caption-text\">Fundargestir m\u00e1l\u00feings &#8222;Veikir hlekkir \u00ed vatns\u00f6flun&#8220;<\/p><\/div>\n<p>M\u00e1l\u00feing Vatns- og Fr\u00e1veituf\u00e9lags \u00cdslands &#8222;Veikir hlekkir \u00ed vatns\u00f6flun \u00e1 \u00cdslandi&#8220; var haldi\u00f0 \u00ed H\u00e1sk\u00f3lanum \u00ed Reykjav\u00edk 11. apr\u00edl 2013 fr\u00e1 kl. 13-16:30.\u00a0 M\u00e1l\u00feingi\u00f0 sko\u00f0a\u00f0i st\u00f6\u00f0u \u00feekkingar \u00ed vatns\u00f6flun, hverjir s\u00e9u m\u00f6gulegir veikir hlekkir og hvernig s\u00e9 h\u00e6gt a\u00f0 auka \u00f6ryggi \u00ed framt\u00ed\u00f0inni.\u00a0 M\u00e1l\u00feingi\u00f0 var haldi\u00f0 \u00ed samvinnu vi\u00f0 H\u00e1sk\u00f3lann \u00ed Reykjav\u00edk og Samorku. Yfir 80 manns s\u00f3ttu \u00feingi\u00f0.<\/p>\n<p><a href=\"https:\/\/vafris.is\/wp-content\/uploads\/2013\/03\/Veikir-hlekkir-\u00ed-vatns\u00f6flun-auglysing.pdf\">Dagskr\u00e1 M\u00e1l\u00feings &#8222;Veikir hlekkir \u00ed vatns\u00f6flun \u00e1 \u00cdslandi&#8220;.<\/a><\/p>\n<p><a href=\"https:\/\/vafris.is\/wp-content\/uploads\/2013\/03\/R\u00e1\u00f0stefnurit-Veikir-hlekkir-\u00ed-vatns\u00f6flun.pdf\">R\u00e1\u00f0stefnurit -Veikir hlekkir \u00ed vatns\u00f6flun<\/a><\/p>\n<div id=\"attachment_460\" style=\"width: 160px\" class=\"wp-caption alignright\"><a href=\"https:\/\/vafris.is\/wp-content\/uploads\/2013\/03\/IMG_1966.jpg\"><img loading=\"lazy\" decoding=\"async\" aria-describedby=\"caption-attachment-460\" class=\"size-thumbnail wp-image-460\" title=\"IMG_1966\" src=\"https:\/\/vafris.is\/wp-content\/uploads\/2013\/03\/IMG_1966-150x150.jpg\" alt=\"\" width=\"150\" height=\"150\" \/><\/a><p id=\"caption-attachment-460\" class=\"wp-caption-text\">Gestir m\u00e1l\u00feings<\/p><\/div>\n<p><strong><\/strong><strong>Gl\u00e6rur fyrirlestra:<\/strong><\/p>\n<p><a href=\"https:\/\/vafris.is\/wp-content\/uploads\/2013\/03\/1.-Vatns\u00f6flun-h\u00f6fu\u00f0borgarsv\u00e6\u00f0isins-VAFRI.pdf\"><strong>Dagur J\u00f3nsson:<\/strong> Vatns\u00f6flun \u00e1 h\u00f6fu\u00f0borgarsv\u00e6\u00f0inu<\/a><\/p>\n<p><a href=\"https:\/\/vafris.is\/wp-content\/uploads\/2013\/03\/2.-Fyrirlestur_um_au\u00f0linda_vedurstofan1.pdf\"><strong>Dav\u00ed\u00f0 Egilsson:<\/strong> Vatns\u00f6flun og vatnsfor\u00f0i<\/a><\/p>\n<p><a href=\"https:\/\/vafris.is\/wp-content\/uploads\/2013\/03\/3.-Dreifing_vatnsvinnslu_vatnaskil.pdf\"><strong>Svein \u00d3li P\u00e1lmason:<\/strong> Dreifing framt\u00ed\u00f0arvatnst\u00f6ku h\u00f6fu\u00f0borgarsv\u00e6\u00f0isins<\/a><\/p>\n<p><a href=\"https:\/\/vafris.is\/wp-content\/uploads\/2013\/03\/4.-vatns\u00f6flun-er-ekki-vandamal.pdf\"><strong>\u00de\u00f3r\u00f3lfur H. Hafsta\u00f0:<\/strong> Vatns\u00f6flun er ekki vandam\u00e1l <\/a><\/p>\n<div id=\"attachment_461\" style=\"width: 160px\" class=\"wp-caption alignright\"><a href=\"https:\/\/vafris.is\/wp-content\/uploads\/2013\/03\/IMG_1980.jpg\"><img loading=\"lazy\" decoding=\"async\" aria-describedby=\"caption-attachment-461\" class=\"size-thumbnail wp-image-461\" title=\"IMG_1980\" src=\"https:\/\/vafris.is\/wp-content\/uploads\/2013\/03\/IMG_1980-150x150.jpg\" alt=\"\" width=\"150\" height=\"150\" \/><\/a><p id=\"caption-attachment-461\" class=\"wp-caption-text\">Pallbor\u00f0<\/p><\/div>\n<p><a href=\"https:\/\/vafris.is\/wp-content\/uploads\/2013\/03\/5.-Vatns\u00f6flun-fyrir-K\u00f3pavog_forsaga-og-framkv\u00e6mdir.pdf\"><strong>Matth\u00edas Loftsson:<\/strong> Vatns\u00f6flun fyrir K\u00f3pavog<\/a><\/p>\n<p><a href=\"https:\/\/vafris.is\/wp-content\/uploads\/2013\/03\/6.-Vatnsnyt_m\u00f3\u00f0ur_jar\u00f0ar_\u00ed_s\u00f6gulegu_l\u00e1gmarki..pdf\"><strong>\u00c1rni \u00c1rnason:<\/strong> Vatnsnyt m\u00f3\u00f0ur jar\u00f0ar \u00ed s\u00f6gulegu l\u00e1gmarki<\/a><\/p>\n<p><a href=\"https:\/\/vafris.is\/wp-content\/uploads\/2013\/03\/7.-Sl\u00f6kkvivatn-hvar-og-hva\u00f0-miki\u00f01.pdf\"><strong>Gu\u00f0mundur Gunnarsson:<\/strong> Sl\u00f6kkvivatn &#8211; hvar og hva\u00f0 miki\u00f0?<\/a><\/p>\n<div id=\"attachment_464\" style=\"width: 160px\" class=\"wp-caption alignleft\"><a href=\"https:\/\/vafris.is\/wp-content\/uploads\/2013\/03\/IMG_1981.jpg\"><img loading=\"lazy\" decoding=\"async\" aria-describedby=\"caption-attachment-464\" class=\"size-thumbnail wp-image-464\" title=\"IMG_1981\" src=\"https:\/\/vafris.is\/wp-content\/uploads\/2013\/03\/IMG_1981-150x150.jpg\" alt=\"\" width=\"150\" height=\"150\" \/><\/a><p id=\"caption-attachment-464\" class=\"wp-caption-text\">Skipuleggjendur m\u00e1l\u00feingsins: Ald\u00eds Ingimarsd\u00f3ttir og Dagur J\u00f3nsson<\/p><\/div>\n","protected":false},"excerpt":{"rendered":"<p>M\u00e1l\u00feing Vatns- og Fr\u00e1veituf\u00e9lags \u00cdslands &#8222;Veikir hlekkir \u00ed vatns\u00f6flun \u00e1 \u00cdslandi&#8220; var haldi\u00f0 \u00ed H\u00e1sk\u00f3lanum \u00ed Reykjav\u00edk 11. apr\u00edl 2013 fr\u00e1 kl. 13-16:30.\u00a0 M\u00e1l\u00feingi\u00f0 sko\u00f0a\u00f0i st\u00f6\u00f0u \u00feekkingar \u00ed vatns\u00f6flun, hverjir s\u00e9u m\u00f6gulegir veikir hlekkir og hvernig s\u00e9 h\u00e6gt a\u00f0 auka &hellip; <a href=\"https:\/\/vafris.is\/?page_id=420\">Halda \u00e1fram a\u00f0 lesa <span class=\"meta-nav\">&rarr;<\/span><\/a><\/p>\n","protected":false},"author":2,"featured_media":0,"parent":0,"menu_order":0,"comment_status":"closed","ping_status":"open","template":"","meta":{"footnotes":""},"class_list":["post-420","page","type-page","status-publish","hentry"],"_links":{"self":[{"href":"https:\/\/vafris.is\/index.php?rest_route=\/wp\/v2\/pages\/420","targetHints":{"allow":["GET"]}}],"collection":[{"href":"https:\/\/vafris.is\/index.php?rest_route=\/wp\/v2\/pages"}],"about":[{"href":"https:\/\/vafris.is\/index.php?rest_route=\/wp\/v2\/types\/page"}],"author":[{"embeddable":true,"href":"https:\/\/vafris.is\/index.php?rest_route=\/wp\/v2\/users\/2"}],"replies":[{"embeddable":true,"href":"https:\/\/vafris.is\/index.php?rest_route=%2Fwp%2Fv2%2Fcomments&post=420"}],"version-history":[{"count":31,"href":"https:\/\/vafris.is\/index.php?rest_route=\/wp\/v2\/pages\/420\/revisions"}],"predecessor-version":[{"id":422,"href":"https:\/\/vafris.is\/index.php?rest_route=\/wp\/v2\/pages\/420\/revisions\/422"}],"wp:attachment":[{"href":"https:\/\/vafris.is\/index.php?rest_route=%2Fwp%2Fv2%2Fmedia&parent=420"}],"curies":[{"name":"wp","href":"https:\/\/api.w.org\/{rel}","templated":true}]}}