{"id":490,"date":"2013-04-30T18:26:09","date_gmt":"2013-04-30T18:26:09","guid":{"rendered":"https:\/\/vafris.is\/?page_id=490"},"modified":"2025-06-06T10:49:58","modified_gmt":"2025-06-06T10:49:58","slug":"skyrslur-stjornar","status":"publish","type":"page","link":"https:\/\/vafris.is\/?page_id=490","title":{"rendered":"Sk\u00fdrslur stj\u00f3rnar"},"content":{"rendered":"\n<div data-wp-interactive=\"core\/file\" class=\"wp-block-file\"><object data-wp-bind--hidden=\"!state.hasPdfPreview\" hidden class=\"wp-block-file__embed\" data=\"https:\/\/vafris.is\/wp-content\/uploads\/2025\/06\/VAFRI-skyrsla-stjornar-2025.pdf\" type=\"application\/pdf\" style=\"width:100%;height:600px\" aria-label=\"Embed of VAFR\u00cd-sk\u00fdrsla stj\u00f3rnar 2025.\"><\/object><a id=\"wp-block-file--media-9e6c3b2e-1b88-4ee0-bf06-9134e47708c7\" href=\"https:\/\/vafris.is\/wp-content\/uploads\/2025\/06\/VAFRI-skyrsla-stjornar-2025.pdf\">VAFR\u00cd-sk\u00fdrsla stj\u00f3rnar 2025<\/a><a href=\"https:\/\/vafris.is\/wp-content\/uploads\/2025\/06\/VAFRI-skyrsla-stjornar-2025.pdf\" class=\"wp-block-file__button wp-element-button\" download aria-describedby=\"wp-block-file--media-9e6c3b2e-1b88-4ee0-bf06-9134e47708c7\">Download<\/a><\/div>\n\n\n\n<p><a href=\"https:\/\/vafris.is\/wp-content\/uploads\/2023\/04\/VAFRI-skyrsla-stjornar-2023.pdf\">VAFR\u00cd-sk\u00fdrsla stj\u00f3rnar 2023<\/a> <\/p>\n\n\n\n<p><a href=\"https:\/\/vafris.is\/wp-content\/uploads\/2013\/04\/VAFR\u00cd-sk\u00fdrsla-stj\u00f3rnar-2022.pdf\">VAFR\u00cd &#8211; sk\u00fdrsla stj\u00f3rnar 2022<\/a><a href=\"https:\/\/vafris.is\/wp-content\/uploads\/2013\/04\/VAFR\u00cd-sk\u00fdrsla-stj\u00f3rnar-2021.pdf\"><br \/><br \/>VAFR\u00cd-sk\u00fdrsla stj\u00f3rnar 2021<\/a><a href=\"https:\/\/vafris.is\/wp-content\/uploads\/2013\/04\/VAFR\u00cd-Sk\u00fdrsla-stj\u00f3rnar-2020.pdf\"><br \/><br \/>VAFR\u00cd &#8211; Sk\u00fdrsla stj\u00f3rnar 2020<\/a><a href=\"https:\/\/vafris.is\/wp-content\/uploads\/2013\/04\/VAFR\u00cd-sk\u00fdrsla-stj\u00f3rnar-20191.pdf\"><br \/><br \/>VAFR\u00cd-sk\u00fdrsla stj\u00f3rnar 2019<\/a><a href=\"https:\/\/vafris.is\/wp-content\/uploads\/2013\/04\/VAFR\u00cd-sk\u00fdrsla-stj\u00f3rnar-20181.pdf\"><br \/><br \/>VAFR\u00cd-sk\u00fdrsla stj\u00f3rnar 2018<\/a><a href=\"https:\/\/vafris.is\/wp-content\/uploads\/2013\/04\/VAFR\u00cd-sk\u00fdrsla-stj\u00f3rnar-20171.pdf\"><br \/><br \/>VAFR\u00cd-sk\u00fdrsla stj\u00f3rnar 2017<\/a><a href=\"https:\/\/vafris.is\/wp-content\/uploads\/2013\/04\/VAFR\u00cd-sk\u00fdrsla-stj\u00f3rnar-2016.pdf\"><br \/><br \/>VAFR\u00cd-sk\u00fdrsla stj\u00f3rnar 2016<\/a><a href=\"https:\/\/vafris.is\/wp-content\/uploads\/2013\/04\/VAFR\u00cd-sk\u00fdrsla-stj\u00f3rnar-2015.pdf\"><br \/><br \/>VAFR\u00cd-sk\u00fdrsla stj\u00f3rnar 2015<\/a><a href=\"https:\/\/vafris.is\/wp-content\/uploads\/2013\/04\/VAFR\u00cd-sk\u00fdrsla-stj\u00f3rnar-2014.pdf\"><br \/><br \/>VAFR\u00cd-sk\u00fdrsla stj\u00f3rnar 2014<\/a><a href=\"https:\/\/vafris.is\/wp-content\/uploads\/2013\/04\/VAFR\u00cd-sk\u00fdrsla-stj\u00f3rnar-2013.pdf\"><br \/><br \/>VAFR\u00cd-sk\u00fdrsla stj\u00f3rnar 2013<\/a><a href=\"https:\/\/vafris.is\/wp-content\/uploads\/2013\/04\/VAFR\u00cd-sk\u00fdrsla-formanns-2012.pdf\"><br \/><br \/><\/a><a href=\"https:\/\/vafris.is\/wp-content\/uploads\/2013\/04\/VAFR\u00cd-sk\u00fdrsla-stj\u00f3rnar-2017.pdf\">VAFR\u00cd-sk\u00fdrsla formanns 2012<\/a><\/p>\n","protected":false},"excerpt":{"rendered":"<p>VAFR\u00cd-sk\u00fdrsla stj\u00f3rnar 2023 VAFR\u00cd &#8211; sk\u00fdrsla stj\u00f3rnar 2022 VAFR\u00cd-sk\u00fdrsla stj\u00f3rnar 2021 VAFR\u00cd &#8211; Sk\u00fdrsla stj\u00f3rnar 2020 VAFR\u00cd-sk\u00fdrsla stj\u00f3rnar 2019 VAFR\u00cd-sk\u00fdrsla stj\u00f3rnar 2018 VAFR\u00cd-sk\u00fdrsla stj\u00f3rnar 2017 VAFR\u00cd-sk\u00fdrsla stj\u00f3rnar 2016 VAFR\u00cd-sk\u00fdrsla stj\u00f3rnar 2015 VAFR\u00cd-sk\u00fdrsla stj\u00f3rnar 2014 VAFR\u00cd-sk\u00fdrsla stj\u00f3rnar 2013 VAFR\u00cd-sk\u00fdrsla formanns 2012<\/p>\n","protected":false},"author":2,"featured_media":0,"parent":0,"menu_order":0,"comment_status":"closed","ping_status":"open","template":"","meta":{"footnotes":""},"class_list":["post-490","page","type-page","status-publish","hentry"],"_links":{"self":[{"href":"https:\/\/vafris.is\/index.php?rest_route=\/wp\/v2\/pages\/490","targetHints":{"allow":["GET"]}}],"collection":[{"href":"https:\/\/vafris.is\/index.php?rest_route=\/wp\/v2\/pages"}],"about":[{"href":"https:\/\/vafris.is\/index.php?rest_route=\/wp\/v2\/types\/page"}],"author":[{"embeddable":true,"href":"https:\/\/vafris.is\/index.php?rest_route=\/wp\/v2\/users\/2"}],"replies":[{"embeddable":true,"href":"https:\/\/vafris.is\/index.php?rest_route=%2Fwp%2Fv2%2Fcomments&post=490"}],"version-history":[{"count":16,"href":"https:\/\/vafris.is\/index.php?rest_route=\/wp\/v2\/pages\/490\/revisions"}],"predecessor-version":[{"id":1837,"href":"https:\/\/vafris.is\/index.php?rest_route=\/wp\/v2\/pages\/490\/revisions\/1837"}],"wp:attachment":[{"href":"https:\/\/vafris.is\/index.php?rest_route=%2Fwp%2Fv2%2Fmedia&parent=490"}],"curies":[{"name":"wp","href":"https:\/\/api.w.org\/{rel}","templated":true}]}}