{"id":53,"date":"2012-10-08T16:52:24","date_gmt":"2012-10-08T16:52:24","guid":{"rendered":"https:\/\/vafris.is\/?page_id=53"},"modified":"2012-10-11T15:15:16","modified_gmt":"2012-10-11T15:15:16","slug":"log-og-reglugerdir","status":"publish","type":"page","link":"https:\/\/vafris.is\/?page_id=53","title":{"rendered":"L\u00f6g og regluger\u00f0ir"},"content":{"rendered":"<p>Eftirfarandi l\u00f6g og regluger\u00f0ir taka \u00e1 vatns- og fr\u00e1veitum \u00e1 \u00cdslandi:<\/p>\n<p><a href=\"http:\/\/www.reglugerd.is\/interpro\/dkm\/WebGuard.nsf\/aa0d47377abc977400256a090053ff91\/4b694ab605de532a0025792d003d9de5?OpenDocument&amp;Highlight=0,sk%25C3%25B3gr%25C3%25A6kthttp:\/\/\">Regluger\u00f0 nr. 935\/2011 um st\u00f3rn vatnam\u00e1la<\/a><a href=\"http:\/\/www.reglugerd.is\/interpro\/dkm\/WebGuard.nsf\/aa0d47377abc977400256a090053ff91\/69903ff31187e92d002578a7003ff16a?OpenDocument&amp;Highlight=0,535%2F2011http:\/\/\"><br \/>\nRegluger\u00f0 nr. 535\/2011 um flokkun vatnshlota, eiginleika \u00feeirra, \u00e1lagsgreiningu og v\u00f6ktun<\/a><a href=\"http:\/\/www.reglugerd.is\/interpro\/dkm\/WebGuard.nsf\/aa0d47377abc977400256a090053ff91\/5b7e8fe621ad50b800256a08003302d5?OpenDocument&amp;Highlight=0,799%252F1999http:\/\/\" target=\"_blank\"><br \/>\nRegluger\u00f0 nr. 199\/1999 um me\u00f0h\u00f6ndlun seyru<\/a><a href=\"http:\/\/www.reglugerd.is\/interpro\/dkm\/WebGuard.nsf\/key2\/798-1999\" target=\"_blank\"><br \/>\nRegluger\u00f0 nr. 798\/1999 um fr\u00e1veitur og sk\u00f3lp<\/a><a href=\"http:\/\/www.reglugerd.is\/interpro\/dkm\/WebGuard.nsf\/aa0d47377abc977400256a090053ff91\/684b53f8615ddab300256a080033022f?OpenDocument&amp;Highlight=0,797%252F1999http:\/\/\"><br \/>\nRegluger\u00f0 nr. 797\/1999 um varnir gegn mengun grunnvatns<\/a><a href=\"http:\/\/www.reglugerd.is\/interpro\/dkm\/WebGuard.nsf\/aa0d47377abc977400256a090053ff91\/3c96e8a9b7d262ec00256a62004cf434?OpenDocument&amp;Highlight=0,796%252F1999http:\/\/\" target=\"_blank\"><br \/>\nRegluger\u00f0 nr. 796\/1999 um varnir gegn mengun vatns<\/a><\/p>\n<p>Listi yfir a\u00f0rar regluger\u00f0ir sem fjalla um mengunarvarnir m\u00e1 finna \u00e1 vef umhverfisr\u00e1\u00f0uneytisins, <a href=\"http:\/\/www.umhverfisraduneyti.is\/lagagogn\/mengunarvarnir\/http:\/\/\" target=\"_blank\">smella h\u00e9r<\/a><\/p>\n<p>&nbsp;<\/p>\n<p>&nbsp;<\/p>\n<p>&nbsp;<\/p>\n<p>&nbsp;<\/p>\n","protected":false},"excerpt":{"rendered":"<p>Eftirfarandi l\u00f6g og regluger\u00f0ir taka \u00e1 vatns- og fr\u00e1veitum \u00e1 \u00cdslandi: Regluger\u00f0 nr. 935\/2011 um st\u00f3rn vatnam\u00e1la Regluger\u00f0 nr. 535\/2011 um flokkun vatnshlota, eiginleika \u00feeirra, \u00e1lagsgreiningu og v\u00f6ktun Regluger\u00f0 nr. 199\/1999 um me\u00f0h\u00f6ndlun seyru Regluger\u00f0 nr. 798\/1999 um fr\u00e1veitur og &hellip; <a href=\"https:\/\/vafris.is\/?page_id=53\">Halda \u00e1fram a\u00f0 lesa <span class=\"meta-nav\">&rarr;<\/span><\/a><\/p>\n","protected":false},"author":2,"featured_media":0,"parent":2,"menu_order":0,"comment_status":"closed","ping_status":"open","template":"","meta":{"footnotes":""},"class_list":["post-53","page","type-page","status-publish","hentry"],"_links":{"self":[{"href":"https:\/\/vafris.is\/index.php?rest_route=\/wp\/v2\/pages\/53","targetHints":{"allow":["GET"]}}],"collection":[{"href":"https:\/\/vafris.is\/index.php?rest_route=\/wp\/v2\/pages"}],"about":[{"href":"https:\/\/vafris.is\/index.php?rest_route=\/wp\/v2\/types\/page"}],"author":[{"embeddable":true,"href":"https:\/\/vafris.is\/index.php?rest_route=\/wp\/v2\/users\/2"}],"replies":[{"embeddable":true,"href":"https:\/\/vafris.is\/index.php?rest_route=%2Fwp%2Fv2%2Fcomments&post=53"}],"version-history":[{"count":6,"href":"https:\/\/vafris.is\/index.php?rest_route=\/wp\/v2\/pages\/53\/revisions"}],"predecessor-version":[{"id":182,"href":"https:\/\/vafris.is\/index.php?rest_route=\/wp\/v2\/pages\/53\/revisions\/182"}],"up":[{"embeddable":true,"href":"https:\/\/vafris.is\/index.php?rest_route=\/wp\/v2\/pages\/2"}],"wp:attachment":[{"href":"https:\/\/vafris.is\/index.php?rest_route=%2Fwp%2Fv2%2Fmedia&parent=53"}],"curies":[{"name":"wp","href":"https:\/\/api.w.org\/{rel}","templated":true}]}}