{"id":543,"date":"2013-09-16T17:08:33","date_gmt":"2013-09-16T17:08:33","guid":{"rendered":"https:\/\/vafris.is\/?page_id=543"},"modified":"2022-02-21T12:26:12","modified_gmt":"2022-02-21T12:26:12","slug":"visindaferd-i-vatns-og-fraveitu-akraness","status":"publish","type":"page","link":"https:\/\/vafris.is\/?page_id=543","title":{"rendered":"Akranes 2013"},"content":{"rendered":"<p>VAFR\u00cd og Varma&amp;V\u00e9laverk bu\u00f0u \u00ed v\u00edsindafer\u00f0 til vatns- og fr\u00e1veitu Akraness \u00feann <strong>3. okt\u00f3ber 2013 fr\u00e1 kl. 13.00 \u2013 17.00<\/strong><\/p>\n<p>Vatnsveita Akraness er ein af f\u00e1um vatnsveitum \u00e1 Su\u00f0vesturlandi sem n\u00fdtir yfirbor\u00f0svatn. Vatnsb\u00f3li\u00f0 er vi\u00f0 Akrafjall og er vatni\u00f0 s\u00eda\u00f0 og geisla\u00f0 \u00e1\u00f0ur en \u00fev\u00ed er veitt til notenda \u00ed b\u00e6num. \u00cd fer\u00f0inni gefst okkur t\u00e6kif\u00e6ri \u00e1 a\u00f0 sko\u00f0a b\u00e6\u00f0i vatnsb\u00f3li\u00f0 og geislah\u00fasi\u00f0, heyra um s\u00f6gu vatnsveitunnar og rekstur og fr\u00e6\u00f0ast um hreinsib\u00fana\u00f0inn.<\/p>\n<p>Fr\u00e1veitan \u00e1 Akranesi er \u00ed uppbyggingu sem er ekki loki\u00f0. B\u00fai\u00f0 er a\u00f0 reisa d\u00e6lust\u00f6\u00f0var og hreinsist\u00f6\u00f0 \u00ed b\u00e6num og leggja mikla vinnu \u00ed a\u00f0 sameina lagnakerfi\u00f0 en lagning sj\u00f3lagna fr\u00e1 st\u00f6\u00f0vunum og kaup hluta v\u00e9lb\u00fana\u00f0ar hefur veri\u00f0 fresta\u00f0 til 2015 &#8211; 2016. Hreinsist\u00f6\u00f0varbyggingin er svo til tilb\u00fain og hreinsieiningarnar eru komnar \u00fear inn.<\/p>\n<p>Fr\u00e6\u00f0ast m\u00e1 n\u00e1nar um fer\u00f0ina h\u00e9r a\u00f0 ne\u00f0an:<\/p>\n<p><a href=\"https:\/\/vafris.is\/wp-content\/uploads\/2012\/12\/Minnisbla\u00f0.V\u00edsindafer\u00f0Akraness2013.pdf\">Minnisbla\u00f0 um V\u00edsindafer\u00f0 til Akraness2013<\/a><\/p>\n<p><a href=\"https:\/\/vafris.is\/wp-content\/uploads\/2013\/09\/V\u00edsindafer\u00f0-\u00ed-vatnsveitu-og-fr\u00e1veitu-Akraness1.pdf\">Augl\u00fdsing fyrir v\u00edsindafer\u00f0 \u00ed vatnsveitu og fr\u00e1veitu Akraness<\/a><\/p>\n","protected":false},"excerpt":{"rendered":"<p>VAFR\u00cd og Varma&amp;V\u00e9laverk bu\u00f0u \u00ed v\u00edsindafer\u00f0 til vatns- og fr\u00e1veitu Akraness \u00feann 3. okt\u00f3ber 2013 fr\u00e1 kl. 13.00 \u2013 17.00 Vatnsveita Akraness er ein af f\u00e1um vatnsveitum \u00e1 Su\u00f0vesturlandi sem n\u00fdtir yfirbor\u00f0svatn. Vatnsb\u00f3li\u00f0 er vi\u00f0 Akrafjall og er vatni\u00f0 s\u00eda\u00f0 &hellip; <a href=\"https:\/\/vafris.is\/?page_id=543\">Halda \u00e1fram a\u00f0 lesa <span class=\"meta-nav\">&rarr;<\/span><\/a><\/p>\n","protected":false},"author":2,"featured_media":0,"parent":0,"menu_order":0,"comment_status":"closed","ping_status":"open","template":"","meta":{"footnotes":""},"class_list":["post-543","page","type-page","status-publish","hentry"],"_links":{"self":[{"href":"https:\/\/vafris.is\/index.php?rest_route=\/wp\/v2\/pages\/543","targetHints":{"allow":["GET"]}}],"collection":[{"href":"https:\/\/vafris.is\/index.php?rest_route=\/wp\/v2\/pages"}],"about":[{"href":"https:\/\/vafris.is\/index.php?rest_route=\/wp\/v2\/types\/page"}],"author":[{"embeddable":true,"href":"https:\/\/vafris.is\/index.php?rest_route=\/wp\/v2\/users\/2"}],"replies":[{"embeddable":true,"href":"https:\/\/vafris.is\/index.php?rest_route=%2Fwp%2Fv2%2Fcomments&post=543"}],"version-history":[{"count":10,"href":"https:\/\/vafris.is\/index.php?rest_route=\/wp\/v2\/pages\/543\/revisions"}],"predecessor-version":[{"id":1504,"href":"https:\/\/vafris.is\/index.php?rest_route=\/wp\/v2\/pages\/543\/revisions\/1504"}],"wp:attachment":[{"href":"https:\/\/vafris.is\/index.php?rest_route=%2Fwp%2Fv2%2Fmedia&parent=543"}],"curies":[{"name":"wp","href":"https:\/\/api.w.org\/{rel}","templated":true}]}}