{"id":57,"date":"2012-10-08T16:54:05","date_gmt":"2012-10-08T16:54:05","guid":{"rendered":"https:\/\/vafris.is\/?page_id=57"},"modified":"2017-02-03T10:57:28","modified_gmt":"2017-02-03T10:57:28","slug":"islenskar-visindagreinar","status":"publish","type":"page","link":"https:\/\/vafris.is\/?page_id=57","title":{"rendered":"Ritr\u00fdndar v\u00edsindagreinar"},"content":{"rendered":"<p>H\u00e9r eru d\u00e6mi um \u00edslenskar v\u00edsindagreinar e\u00f0a ritger\u00f0ir \u00e1 svi\u00f0i vatnsveitna.<\/p>\n<p><strong>G\u00e6\u00f0i neysluvatns, al\u00fej\u00f3\u00f0legar birtingar:<br \/>\n<\/strong><\/p>\n<p>Gunnarsdottir, M.J., Gardarsson, S.M., Jonsson, G.J. and Bartram J. (2016). Chemical Quality and Regulatory Compliance of Drinking Water in Iceland. <em>Int. J. Hyg. Environ. Health.<\/em> 219 (2016) 724-733. http:\/\/dx.doi.org\/10.1016\/j.ijheh.2016.09.011<\/p>\n<p>Gunnarsdottir, M.J., Gardarsson, S.M., Jonsson, G.S., Armannsson, H., Bartram, J. (2015). Natural background levels for chemicals in basaltic volcanic aquifers. <em>Hydrology Research<\/em>, <strong>46<\/strong>(4), 647-660. <a href=\"http:\/\/dx.doi.org\/10.2166\/nh.2014.123\" data-slimstat-type=\"0\" data-slimstat-callback=\"true\" data-slimstat-tracking=\"true\">DOI 10.2166\/nh.2014.123<\/a><\/p>\n<p>Gunnarsdottir, M. J., Gardarsson, S. M., and Bartram, J. (2015). Developing a national framework for safe drinking water \u2013 Case study from Iceland. <em>Int. J. Hyg. Environ. Health<\/em>. <strong>281<\/strong>(2), 196-202. <a href=\"http:\/\/dx.doi.org\/10.1016\/j.ijheh.2014.10.003\" data-slimstat-type=\"0\" data-slimstat-callback=\"true\" data-slimstat-tracking=\"true\">DOI 10.1016\/j.ijheh.2014.10.003<\/a><\/p>\n<p>Gunnarsd\u00f3ttir, M.J., Andrad\u00f3ttir H.\u00d3., and Gar\u00f0arsson, S.M. (2013) Microbial contamination in groundwater supply in cold climate and pumice: Case study of norovirus outbreak at Lake M\u00fdvatn, Iceland, <em>Hydrology Research, 44(6), 1114-1128.<\/em><\/p>\n<p>Gunnarsdottir, M.J., Gardarsson, S.M., Bartram, J. (2012). Icelandic Experience with Water Safety Plans. <em>Water Science &amp; Technology<\/em> 65 (2), 277-288.<em>\u00a0 <\/em><\/p>\n<p>Gunnarsdottir, M.J., Gardarsson, S.M., Elliott, M., Sigmundsdottir, G., Bartram, J. (2012). Benefits of Water Safety Plans: Microbiology, Compliance and Public Health.<cite> <\/cite><cite>Environ. Sci. Technol.<\/cite><em>, 2012, 46 (14), pp 7782\u20137789<\/em><em>.\u00a0 <\/em>(Open access: \u00a0\u00a0<a href=\"http:\/\/pubs.acs.org\/doi\/full\/10.1021\/es300372h\">http:\/\/pubs.acs.org\/doi\/full\/10.1021\/es300372h<\/a>)<\/p>\n<p>Gunnarsdottir, M.J., &amp; Gissurarson, L.R. (2008). HACCP and water safety plans in Icelandic water supply: Preliminary evaluation of experience. <em>J Water Health,<\/em> 6(3), 377-382.<\/p>\n<p><strong>Vatnsg\u00e6\u00f0i, d\u00e6mi um ritr\u00fdndar greinar \u00ed \u00c1rb\u00f3k VF\u00cd\/TF\u00cd<\/strong><\/p>\n<p><a href=\"https:\/\/issuu.com\/vfi1912\/docs\/70590_verktaekni\">Gunnarsdottir, M.J., Gardarsson, S.M. and Olafsdottir, S. (2016). \u00cdslenskt neysluvatn: yfirlit og sta\u00f0a g\u00e6\u00f0a (Icelandic drinking water: status and water quality).\u00a0<em>Journal of the Association of Chartered Engineers in Iceland<\/em> (In Icelandic)<\/a><\/p>\n<p>Gunnarsdottir, M.J., and Gardarsson, S.M. (2015). G\u00e6\u00f0i neysluvatns \u00ed fer\u00f0a\u00fej\u00f3nustu \u00e1 \u00cdslandi. <em>Verktaekni, Journal of the Association of Chartered Engineers in Iceland<\/em>. <strong>21<\/strong>(1), 17-20.<\/p>\n<p>Gunnarsdottir, M.J., Gardarsson, S.M., and Sigmundsdottir, G. (2014). \u00c1hrif g\u00e6\u00f0akerfa vatnsveitna \u00e1 l\u00fd\u00f0heilsu. Verktaekni, Journal of the Association of Chartered Engineers in Iceland, <strong>20<\/strong>(1), 17-21<\/p>\n<p>Gunnarsd\u00f3ttir, M.J. &amp; Gardarsson, S.M. (2011). A\u00f0 byrgja brunninn. Ranns\u00f3kn \u00e1 innra eftirliti vatnsveitna.<em> \u00c1rb\u00f3k VF\u00cd\/TF\u00cd<\/em> 2011.<\/p>\n<p>\u00c1stvaldsson, L.R. Andrad\u00f3ttir, H.\u00d3., \u00de\u00f3r\u00f0arson, T. (2010). Bl\u00fd \u00ed neysluvatni \u00ed h\u00fasum. K\u00f6nnun \u00e1 \u00feremur vatnsveitusv\u00e6\u00f0um \u00e1 SV-\u00cdslandi. <em>\u00c1rb\u00f3k VF\u00cd\/TF\u00cd<\/em> 2010.<\/p>\n<p>Gunnarsd\u00f3ttir, M.J., Andrad\u00f3ttir, H.\u00d3., Gar\u00f0arsson, S.M. (2006). Sj\u00fakd\u00f3msvaldandi \u00f6rverur \u00ed grunnvatni. <em>\u00c1rb\u00f3k VF\u00cd\/TF\u00cd<\/em> 2006.<\/p>\n<p>Gunnarsd\u00f3ttir, M.J., Gar\u00f0arsson, S.M., &amp; J\u00f3nsson, G.S. (2005). Neysluvatnsg\u00e6\u00f0i \u00e1 \u00cdslandi.\u00a0 <em>\u00c1rb\u00f3k VF\u00cd\/TF\u00cd<\/em> 2005.<\/p>\n<p><strong>T\u00e6ring \u00ed vatnsl\u00f6gnum<\/strong><\/p>\n<p>Thorarinsdottir, R.I., Samanbur\u00f0ur \u00e1 t\u00e6ringarhra\u00f0a sex mismunandi eirmelma hj\u00e1 Orkuveitu Reykjav\u00edkur,\u00a0<em>\u00c1rbok VFI\/TFI 1998\/1999<\/em>, p. 318-325.<\/p>\n<p>Thorarinsdottir, R.I. and Thorsteinsson, E., T\u00e6ring l\u00f3\u00f0m\u00e1lma \u00ed s\u00falf\u00ed\u00f0r\u00edku hitaveituvatni,\u00a0<em>\u00c1rb\u00f3k VFI\/TFI 1997\/1998<\/em>, p<strong>.\u00a0<\/strong>304-310.<\/p>\n<p>Thorarinsdottir, R.I., T\u00e6ring eirr\u00f6ra \u00ed hitaveituvatni, <em>\u00c1rbok VFI\/TFI 1996\/1997<\/em>, p. 310-317.<\/p>\n<p><strong>A\u00f0rar ritr\u00fdndar v\u00edsindagreinar um vatn (ekki t\u00e6mandi listi)<\/strong><\/p>\n<p>Kristmannsd\u00f3ttir, H. &amp; \u00c1rmannsson, H. (2004). Groundwater in the Lake Myvatn area, northern Iceland: Chemistry, origin and interaction. <em>Aquatic Ecology<\/em>, 38: 115-128.<\/p>\n<p>Arn\u00f3rsson, S. (1997). Samspil vatns og bergs. <em>N\u00e1tt\u00farufr\u00e6\u00f0ingurinn<\/em> 66(2): 73-87.<\/p>\n<p>Sigur\u00f0sson, F. (1990). Groundwater from glacial areas in Iceland. <em>J\u00f6kull<\/em>, 40: 119-144.<\/p>\n<p>Sigurdsson, F.\u00a0 &amp; Einarsson, K. (1988). Groundwater Resources of Iceland \u2013 Availability and Demand. <em>J\u00f6kull<\/em>, 38: 35-54.<\/p>\n<p>&nbsp;<\/p>\n<p>&nbsp;<\/p>\n","protected":false},"excerpt":{"rendered":"<p>H\u00e9r eru d\u00e6mi um \u00edslenskar v\u00edsindagreinar e\u00f0a ritger\u00f0ir \u00e1 svi\u00f0i vatnsveitna. G\u00e6\u00f0i neysluvatns, al\u00fej\u00f3\u00f0legar birtingar: Gunnarsdottir, M.J., Gardarsson, S.M., Jonsson, G.J. and Bartram J. (2016). Chemical Quality and Regulatory Compliance of Drinking Water in Iceland. Int. J. Hyg. Environ. Health. &hellip; <a href=\"https:\/\/vafris.is\/?page_id=57\">Halda \u00e1fram a\u00f0 lesa <span class=\"meta-nav\">&rarr;<\/span><\/a><\/p>\n","protected":false},"author":2,"featured_media":0,"parent":2,"menu_order":0,"comment_status":"closed","ping_status":"open","template":"","meta":{"footnotes":""},"class_list":["post-57","page","type-page","status-publish","hentry"],"_links":{"self":[{"href":"https:\/\/vafris.is\/index.php?rest_route=\/wp\/v2\/pages\/57","targetHints":{"allow":["GET"]}}],"collection":[{"href":"https:\/\/vafris.is\/index.php?rest_route=\/wp\/v2\/pages"}],"about":[{"href":"https:\/\/vafris.is\/index.php?rest_route=\/wp\/v2\/types\/page"}],"author":[{"embeddable":true,"href":"https:\/\/vafris.is\/index.php?rest_route=\/wp\/v2\/users\/2"}],"replies":[{"embeddable":true,"href":"https:\/\/vafris.is\/index.php?rest_route=%2Fwp%2Fv2%2Fcomments&post=57"}],"version-history":[{"count":16,"href":"https:\/\/vafris.is\/index.php?rest_route=\/wp\/v2\/pages\/57\/revisions"}],"predecessor-version":[{"id":275,"href":"https:\/\/vafris.is\/index.php?rest_route=\/wp\/v2\/pages\/57\/revisions\/275"}],"up":[{"embeddable":true,"href":"https:\/\/vafris.is\/index.php?rest_route=\/wp\/v2\/pages\/2"}],"wp:attachment":[{"href":"https:\/\/vafris.is\/index.php?rest_route=%2Fwp%2Fv2%2Fmedia&parent=57"}],"curies":[{"name":"wp","href":"https:\/\/api.w.org\/{rel}","templated":true}]}}