{"id":673,"date":"2015-03-25T20:50:46","date_gmt":"2015-03-25T20:50:46","guid":{"rendered":"https:\/\/vafris.is\/?page_id=673"},"modified":"2022-02-24T10:27:17","modified_gmt":"2022-02-24T10:27:17","slug":"malthing-um-fraveitulausnir-a-vidkvaedum-svaedum-og-adalfundur","status":"publish","type":"page","link":"https:\/\/vafris.is\/?page_id=673","title":{"rendered":"Fr\u00e1veitulausnir \u00e1 vi\u00f0kv\u00e6mum sv\u00e6\u00f0um 2015"},"content":{"rendered":"<p>Aukinn fer\u00f0amannastraumur og sumarb\u00fasta\u00f0abygg\u00f0 n\u00e1l\u00e6gt \u00deingvallavatni veldur s\u00edfellt meiri \u00e1hyggjum vegna mengunar\u00e1hrifa \u00feeirra \u00e1 vatni\u00f0. Draga \u00fearf \u00far magni n\u00e6ringarefna sem berast \u00ed vatni\u00f0, m.a. fr\u00e1 sk\u00f3lpi, en venjulegar rot\u00fer\u00e6r sem notast er vi\u00f0 \u00ed dreif\u00f0um bygg\u00f0arsamf\u00e9l\u00f6gum hreinsa sl\u00edk efni einungis a\u00f0 litlum hluta. VAFR\u00cd bo\u00f0a\u00f0i til m\u00e1l\u00feings til \u00feess a\u00f0 r\u00e6\u00f0a m\u00f6gulegar fr\u00e1veitulausnir til verndar \u00deingvallavatns \u00fear sem vistkerfi\u00f0 er nitur takmarka\u00f0.<\/p>\n<p>Einn helsti s\u00e9rfr\u00e6\u00f0ingur \u00e1 svi\u00f0i \u00f3hef\u00f0bundinna sk\u00f3lphreinsia\u00f0fer\u00f0a \u00e1 Nor\u00f0url\u00f6ndunum, Dr. Petter D. Jenssen (<a href=\"https:\/\/vafris.is\/wp-content\/uploads\/2015\/03\/CV-PD-Jenssen-08-2014-Short.pdf\">Ferilskr\u00e1 PDJ<\/a>), deildi reynslu sinni af al\u00fej\u00f3\u00f0legum vettvangi.<\/p>\n<p>M\u00e1l\u00feingi\u00f0 var haldi\u00f0 \u00ed samstarfi vi\u00f0 Fer\u00f0am\u00e1lar\u00e1\u00f0, H\u00e1sk\u00f3la \u00cdslands, Orkuveitu Reykjav\u00edkur, Samorku, Umhverfisstofnun og \u00dej\u00f3\u00f0gar\u00f0inn \u00e1 \u00deingv\u00f6llum.<\/p>\n<p>M\u00e1l\u00feingi\u00f0 f\u00f3r fram 8. ma\u00ed 2015 kl. 9:00-12:15 \u00ed h\u00fasi Orkuveitu Reykjav\u00edkur \u00e1 eftir a\u00f0alfundi VAFR\u00cd (kl. 8:15-8:45).<\/p>\n<p><a href=\"https:\/\/vafris.is\/wp-content\/uploads\/2015\/03\/Fr\u00e1veitulausnir-\u00e1-vi\u00f0kv\u00e6mum-sv\u00e6\u00f0um-M\u00e1l\u00feing-VAFRI-8-ma\u00ed-.pdf\">Dagskr\u00e1 m\u00e1l\u00feings<\/a><\/p>\n<p><a href=\"https:\/\/vimeo.com\/channels\/995097\"><strong>Uppt\u00f6kur (Video)<\/strong><\/a><\/p>\n<p><strong>Gl\u00e6rukynningar og skriflegt efni<\/strong><\/p>\n<ul>\n<li><a href=\"https:\/\/vafris.is\/wp-content\/uploads\/2015\/03\/Fr\u00e1veitulausnir-\u00e1-vi\u00f0kv\u00e6mum-sv\u00e6\u00f0um-Samantekt-fundarstj\u00f3ra.pdf\">Hrund Andrad\u00f3ttir: Samantekt fundarstj\u00f3ra (in English)<\/a><\/li>\n<li><a href=\"https:\/\/vafris.is\/wp-content\/uploads\/2015\/03\/Kynning_GSJ.pdf\">Gunnar Steinn J\u00f3nsson: Mengunar\u00e1lag \u00e1 \u00deingvallavatn (in English)<\/a><\/li>\n<li><a href=\"https:\/\/vafris.is\/wp-content\/uploads\/2015\/03\/Kynning_EI.pdf\">Elsa Ingjaldsd\u00f3ttir: A\u00f0koma sveitarf\u00e9laga (in Icelandic)<\/a><\/li>\n<li><a href=\"https:\/\/vafris.is\/wp-content\/uploads\/2015\/03\/Kynning_RG.pdf\">Ragnhildur Gunnarsd\u00f3ttir: \u00d3hef\u00f0bundnar fr\u00e1veitulausnir (in English)<\/a><\/li>\n<li><a href=\"https:\/\/vafris.is\/wp-content\/uploads\/2015\/03\/Kynning_PJ_-080515-m-ref.pdf\">Petter D. Jenssen: Wastewater treatment in pristine alpine conditions (in English)<\/a><\/li>\n<\/ul>\n<p>&nbsp;<\/p>\n","protected":false},"excerpt":{"rendered":"<p>Aukinn fer\u00f0amannastraumur og sumarb\u00fasta\u00f0abygg\u00f0 n\u00e1l\u00e6gt \u00deingvallavatni veldur s\u00edfellt meiri \u00e1hyggjum vegna mengunar\u00e1hrifa \u00feeirra \u00e1 vatni\u00f0. Draga \u00fearf \u00far magni n\u00e6ringarefna sem berast \u00ed vatni\u00f0, m.a. fr\u00e1 sk\u00f3lpi, en venjulegar rot\u00fer\u00e6r sem notast er vi\u00f0 \u00ed dreif\u00f0um bygg\u00f0arsamf\u00e9l\u00f6gum hreinsa sl\u00edk efni &hellip; <a href=\"https:\/\/vafris.is\/?page_id=673\">Halda \u00e1fram a\u00f0 lesa <span class=\"meta-nav\">&rarr;<\/span><\/a><\/p>\n","protected":false},"author":2,"featured_media":0,"parent":0,"menu_order":0,"comment_status":"closed","ping_status":"open","template":"","meta":{"footnotes":""},"class_list":["post-673","page","type-page","status-publish","hentry"],"_links":{"self":[{"href":"https:\/\/vafris.is\/index.php?rest_route=\/wp\/v2\/pages\/673","targetHints":{"allow":["GET"]}}],"collection":[{"href":"https:\/\/vafris.is\/index.php?rest_route=\/wp\/v2\/pages"}],"about":[{"href":"https:\/\/vafris.is\/index.php?rest_route=\/wp\/v2\/types\/page"}],"author":[{"embeddable":true,"href":"https:\/\/vafris.is\/index.php?rest_route=\/wp\/v2\/users\/2"}],"replies":[{"embeddable":true,"href":"https:\/\/vafris.is\/index.php?rest_route=%2Fwp%2Fv2%2Fcomments&post=673"}],"version-history":[{"count":32,"href":"https:\/\/vafris.is\/index.php?rest_route=\/wp\/v2\/pages\/673\/revisions"}],"predecessor-version":[{"id":679,"href":"https:\/\/vafris.is\/index.php?rest_route=\/wp\/v2\/pages\/673\/revisions\/679"}],"wp:attachment":[{"href":"https:\/\/vafris.is\/index.php?rest_route=%2Fwp%2Fv2%2Fmedia&parent=673"}],"curies":[{"name":"wp","href":"https:\/\/api.w.org\/{rel}","templated":true}]}}