{"id":919,"date":"2016-12-07T14:26:01","date_gmt":"2016-12-07T14:26:01","guid":{"rendered":"https:\/\/vafris.is\/?page_id=919"},"modified":"2016-12-07T15:24:50","modified_gmt":"2016-12-07T15:24:50","slug":"vatnsveitur","status":"publish","type":"page","link":"https:\/\/vafris.is\/?page_id=919","title":{"rendered":"Vatnsveitur"},"content":{"rendered":"<p>Lesi\u00f0 n\u00e1nar \u00ed flipunum um:<\/p>\n<ul>\n<li>Vatnsveitur og vernd<\/li>\n<li>Vatnsg\u00e6\u00f0i<\/li>\n<li>Vatnsveitukerfi<\/li>\n<li>Litlar vatnsveitur<\/li>\n<li>Vatnshreinsun<\/li>\n<li>Spurt og svara\u00f0 um vatn<\/li>\n<\/ul>\n","protected":false},"excerpt":{"rendered":"<p>Lesi\u00f0 n\u00e1nar \u00ed flipunum um: Vatnsveitur og vernd Vatnsg\u00e6\u00f0i Vatnsveitukerfi Litlar vatnsveitur Vatnshreinsun Spurt og svara\u00f0 um vatn<\/p>\n","protected":false},"author":2,"featured_media":0,"parent":0,"menu_order":0,"comment_status":"closed","ping_status":"open","template":"","meta":{"footnotes":""},"class_list":["post-919","page","type-page","status-publish","hentry"],"_links":{"self":[{"href":"https:\/\/vafris.is\/index.php?rest_route=\/wp\/v2\/pages\/919","targetHints":{"allow":["GET"]}}],"collection":[{"href":"https:\/\/vafris.is\/index.php?rest_route=\/wp\/v2\/pages"}],"about":[{"href":"https:\/\/vafris.is\/index.php?rest_route=\/wp\/v2\/types\/page"}],"author":[{"embeddable":true,"href":"https:\/\/vafris.is\/index.php?rest_route=\/wp\/v2\/users\/2"}],"replies":[{"embeddable":true,"href":"https:\/\/vafris.is\/index.php?rest_route=%2Fwp%2Fv2%2Fcomments&post=919"}],"version-history":[{"count":2,"href":"https:\/\/vafris.is\/index.php?rest_route=\/wp\/v2\/pages\/919\/revisions"}],"predecessor-version":[{"id":950,"href":"https:\/\/vafris.is\/index.php?rest_route=\/wp\/v2\/pages\/919\/revisions\/950"}],"wp:attachment":[{"href":"https:\/\/vafris.is\/index.php?rest_route=%2Fwp%2Fv2%2Fmedia&parent=919"}],"curies":[{"name":"wp","href":"https:\/\/api.w.org\/{rel}","templated":true}]}}